{"id":9880,"date":"2016-12-15T15:29:07","date_gmt":"2016-12-15T14:29:07","guid":{"rendered":"https:\/\/www.famaengineering.com\/?page_id=9880"},"modified":"2018-02-27T09:28:23","modified_gmt":"2018-02-27T08:28:23","slug":"faq","status":"publish","type":"page","link":"https:\/\/www.famaengineering.com\/it\/faq\/","title":{"rendered":"FAQ"},"content":{"rendered":"<div class=\"wpb-content-wrapper\"><p>[vc_row css=&#8221;.vc_custom_1506928459033{margin-top: 70px !important;margin-bottom: 70px !important;}&#8221;][vc_column width=&#8221;1\/4&#8243;][\/vc_column][vc_column width=&#8221;1\/2&#8243;][vc_custom_heading text=&#8221;Tutto quello che c\u2019\u00e8 da sapere su FAMA Engineering&#8221; font_container=&#8221;tag:h1|text_align:center&#8221; use_theme_fonts=&#8221;yes&#8221;][vc_column_text]<\/p>\n<p style=\"text-align: center;\">Tutte le domande su FAMA Engineering trovano risposta in questa pagina. Se avete ulteriori domande, contattateci!<\/p>\n<p>[\/vc_column_text][\/vc_column][vc_column width=&#8221;1\/4&#8243;][\/vc_column][\/vc_row][vc_row][vc_column css=&#8221;.vc_custom_1481816475911{margin-bottom: 60px !important;}&#8221;][vc_toggle title=&#8221;Cos\u2019\u00e8 FAMA Engineering? &#8221; open=&#8221;true&#8221; el_id=&#8221;1481816361617-a5f0e742-d8cf&#8221;]FAMA Engineering \u00e8 una societ\u00e0 snella ed efficiente incentrata sulle esigenze dei clienti. Il suo team di ingegneri riesce a gestire le numerose e variegate richieste dei propri clienti con efficienza\u00a0 e professionalit\u00e0. I numerosi casi applicativi risolti ed il sempre maggior numero di clienti soddisfatti sono per FAMA Engineering motivo di orgoglio.[\/vc_toggle][vc_toggle title=&#8221;Che cosa fa FAMA Engineering?&#8221; el_id=&#8221;1481816417623-097782fc-5f8d&#8221;]<strong>FAMA Engineering<\/strong> \u00e8 una azienda di consulenza ingegneristica in grado di soddisfare e dare risposta a tutte quelle aziende che ricercano un <strong>supporto<\/strong> e una <strong>soluzione<\/strong> nel campo della <strong>misura<\/strong> e relativa <strong>analisi<\/strong>.[\/vc_toggle][vc_toggle title=&#8221;In che mercati opera FAMA Engineering?&#8221; el_id=&#8221;1481816417273-394047f7-b1b3&#8243;]Consulenza e fornitura strumentazione si applicano a vari campi, quali <strong>NVH<\/strong>, <strong>Automotive<\/strong>, <strong>Transportation<\/strong>,<strong>Aerospaziale<\/strong>,<strong>Elettronica<\/strong>, attraverso lo <strong>studio<\/strong> e <strong>ingegnerizzazione<\/strong> di\u00a0 <strong>soluzioni<\/strong> adatte alle esigenze del cliente[\/vc_toggle][vc_toggle title=&#8221;Come FAMA Engineering pu\u00f2 aiutare la mia azienda?&#8221;]FAMA Engineering nasce per rispondere alle tipiche domande che le ditte si pongono quando lavorano nell\u2019ambito ingegneristico:<\/p>\n<ul>\n<li>Come faccio a migliorare il mio prodotto?<\/li>\n<li>Come faccio a sviluppare una soluzione?<\/li>\n<li>Come faccio a risolvere un problema?<\/li>\n<li>Come faccio a misurare questa grandezza o questo evento?<\/li>\n<li>Come faccio a rendere pi\u00f9 appetibile il mio prodotto?<\/li>\n<\/ul>\n<p>Per queste e tante altre domande che richiedono competenze ed esperienze ingegneristiche nell\u2019ambito della risoluzione dei problemi (\u201cTrouble Shooting\u201d) e delle misure, FAMA Engineering \u00e8 la risposta.[\/vc_toggle][vc_toggle title=&#8221;Chi fonda FAMA Engineering?&#8221;]<strong>FAMA Engineering\u00a0 s.r.l.<\/strong> nasce nel gennaio del 2016, dall\u2019idea di due fratelli, <strong>Fausto<\/strong> e <strong>Mario<\/strong>, <strong>ingegneri<\/strong> meccanici, unendo, in <strong>perfetta sinergia<\/strong>,\u00a0 le loro <strong>esperienze<\/strong> e <strong>competenze<\/strong> professionali.[\/vc_toggle][vc_toggle title=&#8221;Quali sono le divisioni del gruppo e cosa fanno?&#8221;]<strong>ENGINEERING<\/strong><\/p>\n<p>Dipartimento ingegneristico generale che si occupa di <strong>analizzare<\/strong>, <strong>progettare<\/strong> e proporre <strong>soluzioni<\/strong> <strong>ingegneristiche<\/strong> di varia natura.<\/p>\n<p>I settori di interesse spaziano in tutti i campi in cui <strong>FAMA<\/strong> \u00e8 competente con la pi\u00f9 ampia accezione del termine e riguardano il <strong>settore Meccanico<\/strong>, <strong>Elettronico<\/strong> e della <strong>Misura<\/strong> in senso generale.<\/p>\n<p><strong>ELECTRONIC<\/strong><\/p>\n<p>Divisione che si avvale della collaborazione di <strong>tecnici<\/strong> <strong>specializzati<\/strong>, con consolidata esperienza, in grado di <strong>progettare<\/strong>, <strong>realizzare<\/strong> e <strong>modificare<\/strong>, <strong>sensori<\/strong> e <strong>sistemi completi<\/strong> per la <strong>misura<\/strong> di quasi la totalit\u00e0 delle grandezze fisiche di interesse.<\/p>\n<p><strong>\u00a0<\/strong><strong>DISTRIBUTION<\/strong><\/p>\n<p><strong>Distribuzione e realizzazione<\/strong> con rappresentanza <strong>diretta<\/strong> o attraverso la <strong>partnership<\/strong> con <strong>LEANE<\/strong> e <strong>CAPIT<\/strong>, di una vasta gamma di <strong>sensori e condizionatori di segnale<\/strong>, che vanno a coprire la quasi totalit\u00e0 delle esigenze di <strong>misura<\/strong> in campo <strong>Industriale<\/strong>, <strong>NVH<\/strong>, <strong>Motorsport<\/strong>.<\/p>\n<p>Distribuzione anche di <strong>Sistemi di Acquisizione<\/strong> <strong>dati<\/strong> e relativi accessori per la realizzazione della <strong>catena di misura <\/strong>completa.<\/p>\n<p><strong>MOTORSPORT<\/strong><\/p>\n<p>Dipartimento in grado di offrire <strong>consulenza<\/strong> tecnica <strong>specifica<\/strong> su tutte le problematiche nell\u2019ambito delle <strong>competizioni<\/strong> <strong>automobilistiche<\/strong>.<\/p>\n<p>Consulenza a <strong>360 gradi<\/strong>, supporto per qualsiasi problematica, <strong>progettazione<\/strong>, <strong>gestione<\/strong> delle vetture <strong>in pista<\/strong>, scelta e installazione di <strong>sensori<\/strong>, <strong>analisi dati<\/strong>, preparazione di <strong>fogli di calcolo<\/strong> dedicati, <strong>simulazioni<\/strong> e altro ancora.[\/vc_toggle][vc_toggle title=&#8221;Che servizi mette a disposizione FAMA Engineering?&#8221;]I principali servizi messi a disposizione da FAMA Engineering sono focalizzati principalmente sui seguenti argomenti:<\/p>\n<ul>\n<li>Engineering<\/li>\n<li>Dinamica del Veicolo<\/li>\n<li>NVH<\/li>\n<li>Acquisizione Dati<\/li>\n<li>Progettazione Meccanica<\/li>\n<li>Consulenze Termodinamiche<\/li>\n<li>Design<\/li>\n<li>Industria 4.0<\/li>\n<\/ul>\n<p>L\u2019obbiettivo principale di tutti i servizi che FAMA Engineering mette a disposizione dei propri clienti \u00e8 quello di affrontare e risolvere tutte le problematiche risolvendo tutte le esigenze attraverso la fornitura di un servizio completo che va dalla consulenza, al supporto, dallo sviluppo software e hardware alla prototipazione rapida, dal testing alla validazione, fino a fornire un servizio chiavi in mano, con una soluzione su misura per ogni cliente.[\/vc_toggle][vc_toggle title=&#8221;Che vantaggi fornisce la collaborazione con FAMA Engineering?&#8221;]La possibilit\u00e0 di avere la collaborazione e la competenza di un team di esperti, in grado di fornire le risposte giuste per ogni esigenza o richiesta del cliente. Attraverso campagne di misura, modellazioni matematiche, progettazione di soluzioni customizzate. Permettendo ai clienti di FAMA Engineering di acquisire un vantaggio competitivo rispetto ai propri concorrenti presenti sul mercato.[\/vc_toggle][vc_toggle title=&#8221;Come lavora FAMA Engineering?&#8221;]FAMA Engineering approccia le richieste dei propri clienti diventando un fondamentale partner strategico per affrontare tutte le richieste tecnologiche e commerciali del mercato.[\/vc_toggle][vc_toggle title=&#8221;In quale aree di mercato lavora FAMA Engineering?&#8221;]FAMA Enginnering lavora nelle seguenti aree di mercato<\/p>\n<ul>\n<li>Automotive<\/li>\n<li>Industria<\/li>\n<li>Transportation<\/li>\n<li>Motorsport<\/li>\n<li>Aerospace<\/li>\n<li>Elettronica<\/li>\n<\/ul>\n<p>[\/vc_toggle][\/vc_column][\/vc_row]<\/p>\n<\/div>","protected":false},"excerpt":{"rendered":"<p>[vc_row css=&#8221;.vc_custom_1506928459033{margin-top: 70px !important;margin-bottom: 70px !important;}&#8221;][vc_column width=&#8221;1\/4&#8243;][\/vc_column][vc_column width=&#8221;1\/2&#8243;][vc_custom_heading text=&#8221;Tutto quello che c\u2019\u00e8 da sapere su FAMA Engineering&#8221; font_container=&#8221;tag:h1|text_align:center&#8221; use_theme_fonts=&#8221;yes&#8221;][vc_column_text] Tutte le domande su FAMA Engineering trovano<span class=\"excerpt-hellip\"> [\u2026]<\/span><\/p>\n","protected":false},"author":6,"featured_media":0,"parent":0,"menu_order":70,"comment_status":"closed","ping_status":"closed","template":"","meta":{"footnotes":""},"class_list":["post-9880","page","type-page","status-publish","hentry"],"yoast_head":"<!-- This site is optimized with the Yoast SEO plugin v27.1.1 - https:\/\/yoast.com\/product\/yoast-seo-wordpress\/ -->\n<title>FAQ FAMA Engineering<\/title>\n<meta name=\"description\" content=\"Tutto quello che c\u2019\u00e8 da sapere su FAMA Engineering. Tutte le domande su FAMA Engineering trovano risposta in questa pagina. Se avete ulteriori domande, contattateci sulla nostra mail fama@famaengineering.com!\" \/>\n<meta name=\"robots\" content=\"index, follow, max-snippet:-1, max-image-preview:large, max-video-preview:-1\" \/>\n<link rel=\"canonical\" href=\"https:\/\/www.famaengineering.com\/it\/faq\/\" \/>\n<meta property=\"og:locale\" content=\"it_IT\" \/>\n<meta property=\"og:type\" content=\"article\" \/>\n<meta property=\"og:title\" content=\"FAQ FAMA Engineering\" \/>\n<meta property=\"og:description\" content=\"Tutto quello che c\u2019\u00e8 da sapere su FAMA Engineering. Tutte le domande su FAMA Engineering trovano risposta in questa pagina. Se avete ulteriori domande, contattateci sulla nostra mail fama@famaengineering.com!\" \/>\n<meta property=\"og:url\" content=\"https:\/\/www.famaengineering.com\/it\/faq\/\" \/>\n<meta property=\"og:site_name\" content=\"FAMA Engineering\" \/>\n<meta property=\"article:publisher\" content=\"https:\/\/www.facebook.com\/FamaEngineeringCompany\/\" \/>\n<meta property=\"article:modified_time\" content=\"2018-02-27T08:28:23+00:00\" \/>\n<meta name=\"twitter:card\" content=\"summary_large_image\" \/>\n<meta name=\"twitter:site\" content=\"@FamaEngineering\" \/>\n<meta name=\"twitter:label1\" content=\"Tempo di lettura stimato\" \/>\n\t<meta name=\"twitter:data1\" content=\"4 minuti\" \/>\n<script type=\"application\/ld+json\" class=\"yoast-schema-graph\">{\"@context\":\"https:\/\/schema.org\",\"@graph\":[{\"@type\":\"WebPage\",\"@id\":\"https:\/\/www.famaengineering.com\/it\/faq\/\",\"url\":\"https:\/\/www.famaengineering.com\/it\/faq\/\",\"name\":\"FAQ FAMA Engineering\",\"isPartOf\":{\"@id\":\"https:\/\/www.famaengineering.com\/it\/#website\"},\"datePublished\":\"2016-12-15T14:29:07+00:00\",\"dateModified\":\"2018-02-27T08:28:23+00:00\",\"description\":\"Tutto quello che c\u2019\u00e8 da sapere su FAMA Engineering. Tutte le domande su FAMA Engineering trovano risposta in questa pagina. Se avete ulteriori domande, contattateci sulla nostra mail fama@famaengineering.com!\",\"breadcrumb\":{\"@id\":\"https:\/\/www.famaengineering.com\/it\/faq\/#breadcrumb\"},\"inLanguage\":\"it-IT\",\"potentialAction\":[{\"@type\":\"ReadAction\",\"target\":[\"https:\/\/www.famaengineering.com\/it\/faq\/\"]}]},{\"@type\":\"BreadcrumbList\",\"@id\":\"https:\/\/www.famaengineering.com\/it\/faq\/#breadcrumb\",\"itemListElement\":[{\"@type\":\"ListItem\",\"position\":1,\"name\":\"Home\",\"item\":\"https:\/\/www.famaengineering.com\/it\/\"},{\"@type\":\"ListItem\",\"position\":2,\"name\":\"FAQ\"}]},{\"@type\":\"WebSite\",\"@id\":\"https:\/\/www.famaengineering.com\/it\/#website\",\"url\":\"https:\/\/www.famaengineering.com\/it\/\",\"name\":\"FAMA Engineering\",\"description\":\"FAMA Engineering\",\"publisher\":{\"@id\":\"https:\/\/www.famaengineering.com\/it\/#organization\"},\"potentialAction\":[{\"@type\":\"SearchAction\",\"target\":{\"@type\":\"EntryPoint\",\"urlTemplate\":\"https:\/\/www.famaengineering.com\/it\/?s={search_term_string}\"},\"query-input\":{\"@type\":\"PropertyValueSpecification\",\"valueRequired\":true,\"valueName\":\"search_term_string\"}}],\"inLanguage\":\"it-IT\"},{\"@type\":\"Organization\",\"@id\":\"https:\/\/www.famaengineering.com\/it\/#organization\",\"name\":\"FAMA Engineering\",\"url\":\"https:\/\/www.famaengineering.com\/it\/\",\"logo\":{\"@type\":\"ImageObject\",\"inLanguage\":\"it-IT\",\"@id\":\"https:\/\/www.famaengineering.com\/it\/#\/schema\/logo\/image\/\",\"url\":\"https:\/\/www.famaengineering.com\/wp-content\/uploads\/2014\/08\/categoria-fama-engineering-fama.jpg\",\"contentUrl\":\"https:\/\/www.famaengineering.com\/wp-content\/uploads\/2014\/08\/categoria-fama-engineering-fama.jpg\",\"width\":450,\"height\":250,\"caption\":\"FAMA Engineering\"},\"image\":{\"@id\":\"https:\/\/www.famaengineering.com\/it\/#\/schema\/logo\/image\/\"},\"sameAs\":[\"https:\/\/www.facebook.com\/FamaEngineeringCompany\/\",\"https:\/\/x.com\/FamaEngineering\",\"https:\/\/www.instagram.com\/famamotorsport\/\",\"https:\/\/www.linkedin.com\/company\/fama-engineering-srl\/\",\"https:\/\/sketchfab.com\/famaengineering\"]}]}<\/script>\n<!-- \/ Yoast SEO plugin. -->","yoast_head_json":{"title":"FAQ FAMA Engineering","description":"Tutto quello che c\u2019\u00e8 da sapere su FAMA Engineering. Tutte le domande su FAMA Engineering trovano risposta in questa pagina. Se avete ulteriori domande, contattateci sulla nostra mail fama@famaengineering.com!","robots":{"index":"index","follow":"follow","max-snippet":"max-snippet:-1","max-image-preview":"max-image-preview:large","max-video-preview":"max-video-preview:-1"},"canonical":"https:\/\/www.famaengineering.com\/it\/faq\/","og_locale":"it_IT","og_type":"article","og_title":"FAQ FAMA Engineering","og_description":"Tutto quello che c\u2019\u00e8 da sapere su FAMA Engineering. Tutte le domande su FAMA Engineering trovano risposta in questa pagina. Se avete ulteriori domande, contattateci sulla nostra mail fama@famaengineering.com!","og_url":"https:\/\/www.famaengineering.com\/it\/faq\/","og_site_name":"FAMA Engineering","article_publisher":"https:\/\/www.facebook.com\/FamaEngineeringCompany\/","article_modified_time":"2018-02-27T08:28:23+00:00","twitter_card":"summary_large_image","twitter_site":"@FamaEngineering","twitter_misc":{"Tempo di lettura stimato":"4 minuti"},"schema":{"@context":"https:\/\/schema.org","@graph":[{"@type":"WebPage","@id":"https:\/\/www.famaengineering.com\/it\/faq\/","url":"https:\/\/www.famaengineering.com\/it\/faq\/","name":"FAQ FAMA Engineering","isPartOf":{"@id":"https:\/\/www.famaengineering.com\/it\/#website"},"datePublished":"2016-12-15T14:29:07+00:00","dateModified":"2018-02-27T08:28:23+00:00","description":"Tutto quello che c\u2019\u00e8 da sapere su FAMA Engineering. Tutte le domande su FAMA Engineering trovano risposta in questa pagina. Se avete ulteriori domande, contattateci sulla nostra mail fama@famaengineering.com!","breadcrumb":{"@id":"https:\/\/www.famaengineering.com\/it\/faq\/#breadcrumb"},"inLanguage":"it-IT","potentialAction":[{"@type":"ReadAction","target":["https:\/\/www.famaengineering.com\/it\/faq\/"]}]},{"@type":"BreadcrumbList","@id":"https:\/\/www.famaengineering.com\/it\/faq\/#breadcrumb","itemListElement":[{"@type":"ListItem","position":1,"name":"Home","item":"https:\/\/www.famaengineering.com\/it\/"},{"@type":"ListItem","position":2,"name":"FAQ"}]},{"@type":"WebSite","@id":"https:\/\/www.famaengineering.com\/it\/#website","url":"https:\/\/www.famaengineering.com\/it\/","name":"FAMA Engineering","description":"FAMA Engineering","publisher":{"@id":"https:\/\/www.famaengineering.com\/it\/#organization"},"potentialAction":[{"@type":"SearchAction","target":{"@type":"EntryPoint","urlTemplate":"https:\/\/www.famaengineering.com\/it\/?s={search_term_string}"},"query-input":{"@type":"PropertyValueSpecification","valueRequired":true,"valueName":"search_term_string"}}],"inLanguage":"it-IT"},{"@type":"Organization","@id":"https:\/\/www.famaengineering.com\/it\/#organization","name":"FAMA Engineering","url":"https:\/\/www.famaengineering.com\/it\/","logo":{"@type":"ImageObject","inLanguage":"it-IT","@id":"https:\/\/www.famaengineering.com\/it\/#\/schema\/logo\/image\/","url":"https:\/\/www.famaengineering.com\/wp-content\/uploads\/2014\/08\/categoria-fama-engineering-fama.jpg","contentUrl":"https:\/\/www.famaengineering.com\/wp-content\/uploads\/2014\/08\/categoria-fama-engineering-fama.jpg","width":450,"height":250,"caption":"FAMA Engineering"},"image":{"@id":"https:\/\/www.famaengineering.com\/it\/#\/schema\/logo\/image\/"},"sameAs":["https:\/\/www.facebook.com\/FamaEngineeringCompany\/","https:\/\/x.com\/FamaEngineering","https:\/\/www.instagram.com\/famamotorsport\/","https:\/\/www.linkedin.com\/company\/fama-engineering-srl\/","https:\/\/sketchfab.com\/famaengineering"]}]}},"_links":{"self":[{"href":"https:\/\/www.famaengineering.com\/it\/wp-json\/wp\/v2\/pages\/9880","targetHints":{"allow":["GET"]}}],"collection":[{"href":"https:\/\/www.famaengineering.com\/it\/wp-json\/wp\/v2\/pages"}],"about":[{"href":"https:\/\/www.famaengineering.com\/it\/wp-json\/wp\/v2\/types\/page"}],"author":[{"embeddable":true,"href":"https:\/\/www.famaengineering.com\/it\/wp-json\/wp\/v2\/users\/6"}],"replies":[{"embeddable":true,"href":"https:\/\/www.famaengineering.com\/it\/wp-json\/wp\/v2\/comments?post=9880"}],"version-history":[{"count":12,"href":"https:\/\/www.famaengineering.com\/it\/wp-json\/wp\/v2\/pages\/9880\/revisions"}],"predecessor-version":[{"id":10323,"href":"https:\/\/www.famaengineering.com\/it\/wp-json\/wp\/v2\/pages\/9880\/revisions\/10323"}],"wp:attachment":[{"href":"https:\/\/www.famaengineering.com\/it\/wp-json\/wp\/v2\/media?parent=9880"}],"curies":[{"name":"wp","href":"https:\/\/api.w.org\/{rel}","templated":true}]}}