{"id":9904,"date":"2016-12-15T15:58:58","date_gmt":"2016-12-15T14:58:58","guid":{"rendered":"https:\/\/www.famaengineering.com\/?page_id=9904"},"modified":"2026-02-10T17:45:47","modified_gmt":"2026-02-10T16:45:47","slug":"partner","status":"publish","type":"page","link":"https:\/\/www.famaengineering.com\/it\/il-gruppo\/partner\/","title":{"rendered":"Partner"},"content":{"rendered":"<div class=\"wpb-content-wrapper\"><p>[vc_row css=&#8221;.vc_custom_1480676932969{margin-top: 30px !important;}&#8221;][vc_column][vc_custom_heading text=&#8221;Le nostre collaborazioni&#8221; font_container=&#8221;tag:h1|text_align:center&#8221; use_theme_fonts=&#8221;yes&#8221;][vc_column_text]<\/p>\n<p style=\"text-align: center;\">FAMA Engineering collabora con alcune eccellenze italiane in diversi ambiti per supportare al meglio i propri clienti e partner nelle loro richieste e necessit\u00e0. \u00a0I partner scelti da FAMA Engineering hanno competenze e cratteristiche diverse fra di loro e complementari con le caratteristiche di FAMA Engineering.<\/p>\n<p>[\/vc_column_text][vc_row_inner][vc_column_inner width=&#8221;1\/3&#8243;][vc_single_image image=&#8221;13927&#8243; img_size=&#8221;277&#215;140&#8243; alignment=&#8221;center&#8221; css=&#8221;&#8221;][vc_column_text css=&#8221;&#8221;]FG91 \u00e8 un nuovo fornitore esterno per tutte le squadre di motorsport, che fornisce tutti i ruoli professionali coinvolti in questo settore, per un singolo evento\/giorno, in pista e in officina. Tecnici esperti per tutte le categorie e i campionati: monoposto, prototipi, auto da turismo, GT e rally.<\/p>\n<p><a href=\"http:\/\/www.fg91fastream.com\">www.fg91fastream.com<\/a>[\/vc_column_text][\/vc_column_inner][vc_column_inner width=&#8221;1\/3&#8243;][vc_single_image image=&#8221;14073&#8243; img_size=&#8221;full&#8221; alignment=&#8221;center&#8221; onclick=&#8221;custom_link&#8221; img_link_target=&#8221;_blank&#8221; css=&#8221;&#8221; link=&#8221;www.stilo.it&#8221;][vc_column_text css=&#8221;&#8221;]<b data-olk-copy-source=\"MessageBody\">Stilo Helmets<\/b>\u00a0\u00e8 sinonimo di eccellenza nella progettazione di caschi da competizione, con un focus sulla sicurezza e sul comfort del pilota. Grazie alla nostra collaborazione, offriamo soluzioni all&#8217;avanguardia per le esigenze di chi vive il motorsport a 360 gradi.<\/p>\n<p><a href=\"http:\/\/www.stilo.it\">www.stilo.it<\/a>[\/vc_column_text][\/vc_column_inner][vc_column_inner width=&#8221;1\/3&#8243;][vc_single_image image=&#8221;10078&#8243; img_size=&#8221;full&#8221; alignment=&#8221;center&#8221; onclick=&#8221;custom_link&#8221; img_link_target=&#8221;_blank&#8221; link=&#8221;http:\/\/www.capitindustria.eu\/&#8221;][vc_column_text]Capit da oltre 20 anni progettazione e produzione completamente Made in Italy di sensori di temperatura a termocoppia e termoresistenza e coperte termiche.<br \/>\nProdotti specifici ed altamente personalizzati, rispondenti alle pi\u00f9 esigenti necessit\u00e0 ed ai pi\u00f9 elevati standard qualitativi.<\/p>\n<p><a href=\"http:\/\/www.capitindustria.eu\/\" target=\"_blank\" rel=\"noopener\">www.capitindustria.eu<\/a>[\/vc_column_text][\/vc_column_inner][\/vc_row_inner][vc_row_inner][vc_column_inner width=&#8221;1\/3&#8243;][vc_single_image image=&#8221;13891&#8243; img_size=&#8221;277&#215;140&#8243; alignment=&#8221;center&#8221; css=&#8221;&#8221;][vc_column_text css=&#8221;&#8221;]Shift Motorsport \u00e8 stata costituita all\u2019inizio del 2016 per offrire la migliore gamma possibile di bump rubbers per soddisfare la maggior parte delle esigenze e supportarle con un servizio su misura per un servizio completo di controllo di guida. Una prospettiva da \u201cutente finale\u201d offre un vantaggio significativo rispetto ad altri produttori e permette ai nostri clienti di ottenere ci\u00f2 che gli serve nel lasso di tempo necessario.<\/p>\n<p><a href=\"http:\/\/www.shiftmotorsport.co.uk\" target=\"_blank\" rel=\"noopener\">www.shiftmotorsport.co.uk<\/a>[\/vc_column_text][\/vc_column_inner][vc_column_inner width=&#8221;1\/3&#8243;][vc_single_image image=&#8221;13916&#8243; img_size=&#8221;full&#8221; alignment=&#8221;center&#8221; css=&#8221;&#8221;][vc_column_text css=&#8221;&#8221;]Grazie alla sua esperienza, competenze e costante ricerca di nuove soluzioni, Aviorace sviluppa in proprio componenti elettronici e sensori con caratteristiche e specifiche compatibili con i pi\u00f9 severi campi di applicazione.<\/p>\n<p><a href=\"http:\/\/www.aviorace.com\">www.aviorace.com<\/a>[\/vc_column_text][\/vc_column_inner][vc_column_inner width=&#8221;1\/3&#8243;][vc_single_image image=&#8221;13008&#8243; img_size=&#8221;277&#215;140&#8243; alignment=&#8221;center&#8221; css=&#8221;&#8221;][vc_column_text css=&#8221;&#8221;]Izze Racing \u00e8 una ditta specializzata nella realizzazione sponsoristica per l&#8217;ambito Automotive e Motorsport, principalmente per la gestione ed acquisizione di dati ed informazioni su pneumatici.<\/p>\n<p><a href=\"http:\/\/www.izzeracing.com\">www.izzeracing.com<\/a>[\/vc_column_text][\/vc_column_inner][\/vc_row_inner][vc_row_inner][vc_column_inner width=&#8221;1\/3&#8243;][vc_single_image image=&#8221;12912&#8243; img_size=&#8221;full&#8221; alignment=&#8221;center&#8221; css=&#8221;&#8221;][vc_column_text css=&#8221;&#8221;]Studio R\u00e9clame si propone sul mercato come \u201cArtigiani Digitali\u201d in grado di fornire supporto a 360\u00b0 per la realizzazione della immagine della Vostra ditta: dal sito web, alla creazione del logo, da prouzioni video a e-commerce.<br \/>\nLa visibilit\u00e0 del vostro marchio, del vostro prodotto sar\u00e0 ottimizzata e spinta su tutte le piattaforme digitali disponibili attualemte, dal sito, ai social, fino al mailing. Tutto coordinato da Studio R\u00e9clame.<\/p>\n<p><a href=\"http:\/\/www.studioreclame.it\/\" target=\"_blank\" rel=\"noopener\">www.studioreclame.it<\/a>[\/vc_column_text][\/vc_column_inner][vc_column_inner width=&#8221;1\/3&#8243;][vc_single_image image=&#8221;13175&#8243; img_size=&#8221;277&#215;140&#8243; alignment=&#8221;center&#8221; css=&#8221;&#8221;][vc_column_text css=&#8221;&#8221;]Con oltre quarant\u2019anni di esperienza e una competenza ingegneristica altamente specializzata, Leane fornisce soluzioni di strumentazione e sensoristica, principalmente nei settori industriale, automotive, elettrotecnico e avionico.<\/p>\n<p><a href=\"http:\/\/www.leane.it\">www.leane.it<\/a>[\/vc_column_text][\/vc_column_inner][vc_column_inner width=&#8221;1\/3&#8243;][vc_single_image image=&#8221;13918&#8243; img_size=&#8221;full&#8221; alignment=&#8221;center&#8221; css=&#8221;&#8221;][vc_column_text css=&#8221;&#8221;]LuckySeven S.r.l. nasce per aiutarti a trasformare le tue idee in qualcosa di concreto e a condividerle con il mondo intero. Che sia il piccolo sito web della tua band o la grande piattaforma per gestire i clienti della tua attivit\u00e0 non ha importanza: se hai un idea, LuckySeven S.r.l. la rende reale.<\/p>\n<p><a href=\"http:\/\/www.luckyseven.it\">www.luckyseven.it<\/a>[\/vc_column_text][\/vc_column_inner][\/vc_row_inner][\/vc_column][\/vc_row][vc_row][vc_column][vc_column_text]<\/p>\n<p>I am text block. Click edit button to change this text. Lorem ipsum dolor sit amet, consectetur adipiscing elit. Ut elit tellus, luctus nec ullamcorper mattis, pulvinar dapibus leo.<\/p>\n<p>[\/vc_column_text][\/vc_column][\/vc_row]<\/p>\n<\/div>","protected":false},"excerpt":{"rendered":"<p>[vc_row css=&#8221;.vc_custom_1480676932969{margin-top: 30px !important;}&#8221;][vc_column][vc_custom_heading text=&#8221;Le nostre collaborazioni&#8221; font_container=&#8221;tag:h1|text_align:center&#8221; use_theme_fonts=&#8221;yes&#8221;][vc_column_text] FAMA Engineering collabora con alcune eccellenze italiane in diversi ambiti per supportare al meglio i propri clienti<span class=\"excerpt-hellip\"> [\u2026]<\/span><\/p>\n","protected":false},"author":6,"featured_media":-1,"parent":9057,"menu_order":40,"comment_status":"closed","ping_status":"closed","template":"","meta":{"footnotes":""},"class_list":["post-9904","page","type-page","status-publish","has-post-thumbnail","hentry"],"yoast_head":"<!-- This site is optimized with the Yoast SEO plugin v27.1.1 - https:\/\/yoast.com\/product\/yoast-seo-wordpress\/ -->\n<title>Partner - FAMA Engineering<\/title>\n<meta name=\"description\" content=\"FAMA Engineering collabora con eccellenze italiane in diversi ambiti per supportare al meglio i propri clienti e partner nelle loro richieste e necessit\u00e0.\" \/>\n<meta name=\"robots\" content=\"index, follow, max-snippet:-1, max-image-preview:large, max-video-preview:-1\" \/>\n<link rel=\"canonical\" href=\"https:\/\/www.famaengineering.com\/it\/il-gruppo\/partner\/\" \/>\n<meta property=\"og:locale\" content=\"it_IT\" \/>\n<meta property=\"og:type\" content=\"article\" \/>\n<meta property=\"og:title\" content=\"Partner - FAMA Engineering\" \/>\n<meta property=\"og:description\" content=\"FAMA Engineering collabora con eccellenze italiane in diversi ambiti per supportare al meglio i propri clienti e partner nelle loro richieste e necessit\u00e0.\" \/>\n<meta property=\"og:url\" content=\"https:\/\/www.famaengineering.com\/it\/il-gruppo\/partner\/\" \/>\n<meta property=\"og:site_name\" content=\"FAMA Engineering\" \/>\n<meta property=\"article:publisher\" content=\"https:\/\/www.facebook.com\/FamaEngineeringCompany\/\" \/>\n<meta property=\"article:modified_time\" content=\"2026-02-10T16:45:47+00:00\" \/>\n<meta name=\"twitter:card\" content=\"summary_large_image\" \/>\n<meta name=\"twitter:site\" content=\"@FamaEngineering\" \/>\n<meta name=\"twitter:label1\" content=\"Tempo di lettura stimato\" \/>\n\t<meta name=\"twitter:data1\" content=\"5 minuti\" \/>\n<script type=\"application\/ld+json\" class=\"yoast-schema-graph\">{\"@context\":\"https:\/\/schema.org\",\"@graph\":[{\"@type\":\"WebPage\",\"@id\":\"https:\/\/www.famaengineering.com\/it\/il-gruppo\/partner\/\",\"url\":\"https:\/\/www.famaengineering.com\/it\/il-gruppo\/partner\/\",\"name\":\"Partner - FAMA Engineering\",\"isPartOf\":{\"@id\":\"https:\/\/www.famaengineering.com\/it\/#website\"},\"datePublished\":\"2016-12-15T14:58:58+00:00\",\"dateModified\":\"2026-02-10T16:45:47+00:00\",\"description\":\"FAMA Engineering collabora con eccellenze italiane in diversi ambiti per supportare al meglio i propri clienti e partner nelle loro richieste e necessit\u00e0.\",\"breadcrumb\":{\"@id\":\"https:\/\/www.famaengineering.com\/it\/il-gruppo\/partner\/#breadcrumb\"},\"inLanguage\":\"it-IT\",\"potentialAction\":[{\"@type\":\"ReadAction\",\"target\":[\"https:\/\/www.famaengineering.com\/it\/il-gruppo\/partner\/\"]}]},{\"@type\":\"BreadcrumbList\",\"@id\":\"https:\/\/www.famaengineering.com\/it\/il-gruppo\/partner\/#breadcrumb\",\"itemListElement\":[{\"@type\":\"ListItem\",\"position\":1,\"name\":\"Home\",\"item\":\"https:\/\/www.famaengineering.com\/it\/\"},{\"@type\":\"ListItem\",\"position\":2,\"name\":\"Il Gruppo\",\"item\":\"https:\/\/www.famaengineering.com\/it\/il-gruppo\/\"},{\"@type\":\"ListItem\",\"position\":3,\"name\":\"Partner\"}]},{\"@type\":\"WebSite\",\"@id\":\"https:\/\/www.famaengineering.com\/it\/#website\",\"url\":\"https:\/\/www.famaengineering.com\/it\/\",\"name\":\"FAMA Engineering\",\"description\":\"FAMA Engineering\",\"publisher\":{\"@id\":\"https:\/\/www.famaengineering.com\/it\/#organization\"},\"potentialAction\":[{\"@type\":\"SearchAction\",\"target\":{\"@type\":\"EntryPoint\",\"urlTemplate\":\"https:\/\/www.famaengineering.com\/it\/?s={search_term_string}\"},\"query-input\":{\"@type\":\"PropertyValueSpecification\",\"valueRequired\":true,\"valueName\":\"search_term_string\"}}],\"inLanguage\":\"it-IT\"},{\"@type\":\"Organization\",\"@id\":\"https:\/\/www.famaengineering.com\/it\/#organization\",\"name\":\"FAMA Engineering\",\"url\":\"https:\/\/www.famaengineering.com\/it\/\",\"logo\":{\"@type\":\"ImageObject\",\"inLanguage\":\"it-IT\",\"@id\":\"https:\/\/www.famaengineering.com\/it\/#\/schema\/logo\/image\/\",\"url\":\"https:\/\/www.famaengineering.com\/wp-content\/uploads\/2014\/08\/categoria-fama-engineering-fama.jpg\",\"contentUrl\":\"https:\/\/www.famaengineering.com\/wp-content\/uploads\/2014\/08\/categoria-fama-engineering-fama.jpg\",\"width\":450,\"height\":250,\"caption\":\"FAMA Engineering\"},\"image\":{\"@id\":\"https:\/\/www.famaengineering.com\/it\/#\/schema\/logo\/image\/\"},\"sameAs\":[\"https:\/\/www.facebook.com\/FamaEngineeringCompany\/\",\"https:\/\/x.com\/FamaEngineering\",\"https:\/\/www.instagram.com\/famamotorsport\/\",\"https:\/\/www.linkedin.com\/company\/fama-engineering-srl\/\",\"https:\/\/sketchfab.com\/famaengineering\"]}]}<\/script>\n<!-- \/ Yoast SEO plugin. -->","yoast_head_json":{"title":"Partner - FAMA Engineering","description":"FAMA Engineering collabora con eccellenze italiane in diversi ambiti per supportare al meglio i propri clienti e partner nelle loro richieste e necessit\u00e0.","robots":{"index":"index","follow":"follow","max-snippet":"max-snippet:-1","max-image-preview":"max-image-preview:large","max-video-preview":"max-video-preview:-1"},"canonical":"https:\/\/www.famaengineering.com\/it\/il-gruppo\/partner\/","og_locale":"it_IT","og_type":"article","og_title":"Partner - FAMA Engineering","og_description":"FAMA Engineering collabora con eccellenze italiane in diversi ambiti per supportare al meglio i propri clienti e partner nelle loro richieste e necessit\u00e0.","og_url":"https:\/\/www.famaengineering.com\/it\/il-gruppo\/partner\/","og_site_name":"FAMA Engineering","article_publisher":"https:\/\/www.facebook.com\/FamaEngineeringCompany\/","article_modified_time":"2026-02-10T16:45:47+00:00","twitter_card":"summary_large_image","twitter_site":"@FamaEngineering","twitter_misc":{"Tempo di lettura stimato":"5 minuti"},"schema":{"@context":"https:\/\/schema.org","@graph":[{"@type":"WebPage","@id":"https:\/\/www.famaengineering.com\/it\/il-gruppo\/partner\/","url":"https:\/\/www.famaengineering.com\/it\/il-gruppo\/partner\/","name":"Partner - FAMA Engineering","isPartOf":{"@id":"https:\/\/www.famaengineering.com\/it\/#website"},"datePublished":"2016-12-15T14:58:58+00:00","dateModified":"2026-02-10T16:45:47+00:00","description":"FAMA Engineering collabora con eccellenze italiane in diversi ambiti per supportare al meglio i propri clienti e partner nelle loro richieste e necessit\u00e0.","breadcrumb":{"@id":"https:\/\/www.famaengineering.com\/it\/il-gruppo\/partner\/#breadcrumb"},"inLanguage":"it-IT","potentialAction":[{"@type":"ReadAction","target":["https:\/\/www.famaengineering.com\/it\/il-gruppo\/partner\/"]}]},{"@type":"BreadcrumbList","@id":"https:\/\/www.famaengineering.com\/it\/il-gruppo\/partner\/#breadcrumb","itemListElement":[{"@type":"ListItem","position":1,"name":"Home","item":"https:\/\/www.famaengineering.com\/it\/"},{"@type":"ListItem","position":2,"name":"Il Gruppo","item":"https:\/\/www.famaengineering.com\/it\/il-gruppo\/"},{"@type":"ListItem","position":3,"name":"Partner"}]},{"@type":"WebSite","@id":"https:\/\/www.famaengineering.com\/it\/#website","url":"https:\/\/www.famaengineering.com\/it\/","name":"FAMA Engineering","description":"FAMA Engineering","publisher":{"@id":"https:\/\/www.famaengineering.com\/it\/#organization"},"potentialAction":[{"@type":"SearchAction","target":{"@type":"EntryPoint","urlTemplate":"https:\/\/www.famaengineering.com\/it\/?s={search_term_string}"},"query-input":{"@type":"PropertyValueSpecification","valueRequired":true,"valueName":"search_term_string"}}],"inLanguage":"it-IT"},{"@type":"Organization","@id":"https:\/\/www.famaengineering.com\/it\/#organization","name":"FAMA Engineering","url":"https:\/\/www.famaengineering.com\/it\/","logo":{"@type":"ImageObject","inLanguage":"it-IT","@id":"https:\/\/www.famaengineering.com\/it\/#\/schema\/logo\/image\/","url":"https:\/\/www.famaengineering.com\/wp-content\/uploads\/2014\/08\/categoria-fama-engineering-fama.jpg","contentUrl":"https:\/\/www.famaengineering.com\/wp-content\/uploads\/2014\/08\/categoria-fama-engineering-fama.jpg","width":450,"height":250,"caption":"FAMA Engineering"},"image":{"@id":"https:\/\/www.famaengineering.com\/it\/#\/schema\/logo\/image\/"},"sameAs":["https:\/\/www.facebook.com\/FamaEngineeringCompany\/","https:\/\/x.com\/FamaEngineering","https:\/\/www.instagram.com\/famamotorsport\/","https:\/\/www.linkedin.com\/company\/fama-engineering-srl\/","https:\/\/sketchfab.com\/famaengineering"]}]}},"_links":{"self":[{"href":"https:\/\/www.famaengineering.com\/it\/wp-json\/wp\/v2\/pages\/9904","targetHints":{"allow":["GET"]}}],"collection":[{"href":"https:\/\/www.famaengineering.com\/it\/wp-json\/wp\/v2\/pages"}],"about":[{"href":"https:\/\/www.famaengineering.com\/it\/wp-json\/wp\/v2\/types\/page"}],"author":[{"embeddable":true,"href":"https:\/\/www.famaengineering.com\/it\/wp-json\/wp\/v2\/users\/6"}],"replies":[{"embeddable":true,"href":"https:\/\/www.famaengineering.com\/it\/wp-json\/wp\/v2\/comments?post=9904"}],"version-history":[{"count":55,"href":"https:\/\/www.famaengineering.com\/it\/wp-json\/wp\/v2\/pages\/9904\/revisions"}],"predecessor-version":[{"id":14081,"href":"https:\/\/www.famaengineering.com\/it\/wp-json\/wp\/v2\/pages\/9904\/revisions\/14081"}],"up":[{"embeddable":true,"href":"https:\/\/www.famaengineering.com\/it\/wp-json\/wp\/v2\/pages\/9057"}],"wp:featuredmedia":[{"embeddable":true,"href":"https:\/\/www.famaengineering.com\/it\/wp-json\/"}],"wp:attachment":[{"href":"https:\/\/www.famaengineering.com\/it\/wp-json\/wp\/v2\/media?parent=9904"}],"curies":[{"name":"wp","href":"https:\/\/api.w.org\/{rel}","templated":true}]}}