{"id":10470,"date":"2017-10-24T09:57:08","date_gmt":"2017-10-24T07:57:08","guid":{"rendered":"https:\/\/www.famaengineering.com\/?post_type=product&#038;p=10470"},"modified":"2021-04-16T16:09:24","modified_gmt":"2021-04-16T14:09:24","slug":"pitot-texense-modello-dps-l","status":"publish","type":"product","link":"https:\/\/www.famaengineering.com\/it\/catalogo-prodotti\/velocita-accelerazione\/pitot\/pitot-texense-modello-dps-l\/","title":{"rendered":"Pitot Texense Modello DPS-L"},"content":{"rendered":"<p>Range: da -190 a +190 mBar<br \/>\nAlimentazione: 5-16 Vdc<br \/>\nCorrente: 2 mA<br \/>\nOutput: 0-5 Vdc<br \/>\nDimensioni: 57 x 12 x 14 mm<br \/>\nPeso: 22 g<br \/>\nTemperatura di funzionamento: da 0\u00b0C a 85\u00b0C\t\t\t\t\t<\/p>\n","protected":false},"excerpt":{"rendered":"<h4>Sensore di Pressione Differenziale per Misure di Velocit\u00e0<\/h4>\n<p>Il sensore di misura di pressione differenziale \u00e8 usato per misure aerodinamiche sui veicoli. Grazie alle sue dimensioni compatte pu\u00f2 essere installato anche in spazi angusti: e.g. misura sul fono piatto, spoiler, corpo veicolo, etc.<br \/>\nInoltre il sensore \u00e8 totalmente insensbile alle forze di acceerazione (accelerazioni lungo i 3 assi), permettendo di realizzare misure in maniera molto semplice.<\/p>\n","protected":false},"featured_media":12442,"comment_status":"closed","ping_status":"closed","template":"","meta":[],"product_cat":[374,275],"product_tag":[140,110,108,143,138,137,77,139,141,111],"class_list":{"0":"post-10470","1":"product","2":"type-product","3":"status-publish","4":"has-post-thumbnail","6":"product_brand-texense","7":"product_cat-pitot","8":"product_cat-velocita-accelerazione","9":"product_tag-acquisizione-dati","10":"product_tag-aerospace","11":"product_tag-automotive","12":"product_tag-design","13":"product_tag-dinamica-del-veicolo","14":"product_tag-engineering","15":"product_tag-motorsport","16":"product_tag-nvh","17":"product_tag-progettazione-meccanica","18":"product_tag-transportation","20":"first","21":"instock","22":"taxable","23":"shipping-taxable","24":"product-type-simple"},"yoast_head":"<!-- This site is optimized with the Yoast SEO plugin v27.1.1 - https:\/\/yoast.com\/product\/yoast-seo-wordpress\/ -->\n<title>PITOT Texense Modello DPS-70-0.5<\/title>\n<meta name=\"description\" content=\"ll sensore di misura di pressione differenziale PITOT \u00e8 usato per misure aerodinamiche sui veicoli. Grazie alle sue dimensioni compatte pu\u00f2 essere installato anche in spazi angusti. Inoltre il sensore \u00e8 totalmente insensibile alle forze di acceerazione (accelerazioni lungo i 3 assi), permettendo di realizzare misure.\" \/>\n<meta name=\"robots\" content=\"index, follow, max-snippet:-1, max-image-preview:large, max-video-preview:-1\" \/>\n<link rel=\"canonical\" href=\"https:\/\/www.famaengineering.com\/it\/catalogo-prodotti\/velocita-accelerazione\/pitot\/pitot-texense-modello-dps-l\/\" \/>\n<meta property=\"og:locale\" content=\"it_IT\" \/>\n<meta property=\"og:type\" content=\"article\" \/>\n<meta property=\"og:title\" content=\"PITOT Texense Modello DPS-70-0.5\" \/>\n<meta property=\"og:description\" content=\"ll sensore di misura di pressione differenziale PITOT \u00e8 usato per misure aerodinamiche sui veicoli. Grazie alle sue dimensioni compatte pu\u00f2 essere installato anche in spazi angusti. Inoltre il sensore \u00e8 totalmente insensibile alle forze di acceerazione (accelerazioni lungo i 3 assi), permettendo di realizzare misure.\" \/>\n<meta property=\"og:url\" content=\"https:\/\/www.famaengineering.com\/it\/catalogo-prodotti\/velocita-accelerazione\/pitot\/pitot-texense-modello-dps-l\/\" \/>\n<meta property=\"og:site_name\" content=\"FAMA Engineering\" \/>\n<meta property=\"article:publisher\" content=\"https:\/\/www.facebook.com\/FamaEngineeringCompany\/\" \/>\n<meta property=\"article:modified_time\" content=\"2021-04-16T14:09:24+00:00\" \/>\n<meta property=\"og:image\" content=\"https:\/\/www.famaengineering.com\/wp-content\/uploads\/2021\/02\/DPS-L.jpg\" \/>\n\t<meta property=\"og:image:width\" content=\"700\" \/>\n\t<meta property=\"og:image:height\" content=\"700\" \/>\n\t<meta property=\"og:image:type\" content=\"image\/jpeg\" \/>\n<meta name=\"twitter:card\" content=\"summary_large_image\" \/>\n<meta name=\"twitter:site\" content=\"@FamaEngineering\" \/>\n<script type=\"application\/ld+json\" class=\"yoast-schema-graph\">{\"@context\":\"https:\/\/schema.org\",\"@graph\":[{\"@type\":\"WebPage\",\"@id\":\"https:\/\/www.famaengineering.com\/it\/catalogo-prodotti\/velocita-accelerazione\/pitot\/pitot-texense-modello-dps-l\/\",\"url\":\"https:\/\/www.famaengineering.com\/it\/catalogo-prodotti\/velocita-accelerazione\/pitot\/pitot-texense-modello-dps-l\/\",\"name\":\"PITOT Texense Modello DPS-70-0.5\",\"isPartOf\":{\"@id\":\"https:\/\/www.famaengineering.com\/it\/#website\"},\"primaryImageOfPage\":{\"@id\":\"https:\/\/www.famaengineering.com\/it\/catalogo-prodotti\/velocita-accelerazione\/pitot\/pitot-texense-modello-dps-l\/#primaryimage\"},\"image\":{\"@id\":\"https:\/\/www.famaengineering.com\/it\/catalogo-prodotti\/velocita-accelerazione\/pitot\/pitot-texense-modello-dps-l\/#primaryimage\"},\"thumbnailUrl\":\"https:\/\/www.famaengineering.com\/wp-content\/uploads\/2021\/02\/DPS-L.jpg\",\"datePublished\":\"2017-10-24T07:57:08+00:00\",\"dateModified\":\"2021-04-16T14:09:24+00:00\",\"description\":\"ll sensore di misura di pressione differenziale PITOT \u00e8 usato per misure aerodinamiche sui veicoli. Grazie alle sue dimensioni compatte pu\u00f2 essere installato anche in spazi angusti. Inoltre il sensore \u00e8 totalmente insensibile alle forze di acceerazione (accelerazioni lungo i 3 assi), permettendo di realizzare misure.\",\"breadcrumb\":{\"@id\":\"https:\/\/www.famaengineering.com\/it\/catalogo-prodotti\/velocita-accelerazione\/pitot\/pitot-texense-modello-dps-l\/#breadcrumb\"},\"inLanguage\":\"it-IT\",\"potentialAction\":[{\"@type\":\"ReadAction\",\"target\":[\"https:\/\/www.famaengineering.com\/it\/catalogo-prodotti\/velocita-accelerazione\/pitot\/pitot-texense-modello-dps-l\/\"]}]},{\"@type\":\"ImageObject\",\"inLanguage\":\"it-IT\",\"@id\":\"https:\/\/www.famaengineering.com\/it\/catalogo-prodotti\/velocita-accelerazione\/pitot\/pitot-texense-modello-dps-l\/#primaryimage\",\"url\":\"https:\/\/www.famaengineering.com\/wp-content\/uploads\/2021\/02\/DPS-L.jpg\",\"contentUrl\":\"https:\/\/www.famaengineering.com\/wp-content\/uploads\/2021\/02\/DPS-L.jpg\",\"width\":700,\"height\":700},{\"@type\":\"BreadcrumbList\",\"@id\":\"https:\/\/www.famaengineering.com\/it\/catalogo-prodotti\/velocita-accelerazione\/pitot\/pitot-texense-modello-dps-l\/#breadcrumb\",\"itemListElement\":[{\"@type\":\"ListItem\",\"position\":1,\"name\":\"Home\",\"item\":\"https:\/\/www.famaengineering.com\/it\/\"},{\"@type\":\"ListItem\",\"position\":2,\"name\":\"Shop\",\"item\":\"https:\/\/www.famaengineering.com\/negozio\/\"},{\"@type\":\"ListItem\",\"position\":3,\"name\":\"Pitot Texense Modello DPS-L\"}]},{\"@type\":\"WebSite\",\"@id\":\"https:\/\/www.famaengineering.com\/it\/#website\",\"url\":\"https:\/\/www.famaengineering.com\/it\/\",\"name\":\"FAMA Engineering\",\"description\":\"FAMA Engineering\",\"publisher\":{\"@id\":\"https:\/\/www.famaengineering.com\/it\/#organization\"},\"potentialAction\":[{\"@type\":\"SearchAction\",\"target\":{\"@type\":\"EntryPoint\",\"urlTemplate\":\"https:\/\/www.famaengineering.com\/it\/?s={search_term_string}\"},\"query-input\":{\"@type\":\"PropertyValueSpecification\",\"valueRequired\":true,\"valueName\":\"search_term_string\"}}],\"inLanguage\":\"it-IT\"},{\"@type\":\"Organization\",\"@id\":\"https:\/\/www.famaengineering.com\/it\/#organization\",\"name\":\"FAMA Engineering\",\"url\":\"https:\/\/www.famaengineering.com\/it\/\",\"logo\":{\"@type\":\"ImageObject\",\"inLanguage\":\"it-IT\",\"@id\":\"https:\/\/www.famaengineering.com\/it\/#\/schema\/logo\/image\/\",\"url\":\"https:\/\/www.famaengineering.com\/wp-content\/uploads\/2014\/08\/categoria-fama-engineering-fama.jpg\",\"contentUrl\":\"https:\/\/www.famaengineering.com\/wp-content\/uploads\/2014\/08\/categoria-fama-engineering-fama.jpg\",\"width\":450,\"height\":250,\"caption\":\"FAMA Engineering\"},\"image\":{\"@id\":\"https:\/\/www.famaengineering.com\/it\/#\/schema\/logo\/image\/\"},\"sameAs\":[\"https:\/\/www.facebook.com\/FamaEngineeringCompany\/\",\"https:\/\/x.com\/FamaEngineering\",\"https:\/\/www.instagram.com\/famamotorsport\/\",\"https:\/\/www.linkedin.com\/company\/fama-engineering-srl\/\",\"https:\/\/sketchfab.com\/famaengineering\"]}]}<\/script>\n<!-- \/ Yoast SEO plugin. -->","yoast_head_json":{"title":"PITOT Texense Modello DPS-70-0.5","description":"ll sensore di misura di pressione differenziale PITOT \u00e8 usato per misure aerodinamiche sui veicoli. Grazie alle sue dimensioni compatte pu\u00f2 essere installato anche in spazi angusti. Inoltre il sensore \u00e8 totalmente insensibile alle forze di acceerazione (accelerazioni lungo i 3 assi), permettendo di realizzare misure.","robots":{"index":"index","follow":"follow","max-snippet":"max-snippet:-1","max-image-preview":"max-image-preview:large","max-video-preview":"max-video-preview:-1"},"canonical":"https:\/\/www.famaengineering.com\/it\/catalogo-prodotti\/velocita-accelerazione\/pitot\/pitot-texense-modello-dps-l\/","og_locale":"it_IT","og_type":"article","og_title":"PITOT Texense Modello DPS-70-0.5","og_description":"ll sensore di misura di pressione differenziale PITOT \u00e8 usato per misure aerodinamiche sui veicoli. Grazie alle sue dimensioni compatte pu\u00f2 essere installato anche in spazi angusti. Inoltre il sensore \u00e8 totalmente insensibile alle forze di acceerazione (accelerazioni lungo i 3 assi), permettendo di realizzare misure.","og_url":"https:\/\/www.famaengineering.com\/it\/catalogo-prodotti\/velocita-accelerazione\/pitot\/pitot-texense-modello-dps-l\/","og_site_name":"FAMA Engineering","article_publisher":"https:\/\/www.facebook.com\/FamaEngineeringCompany\/","article_modified_time":"2021-04-16T14:09:24+00:00","og_image":[{"width":700,"height":700,"url":"https:\/\/www.famaengineering.com\/wp-content\/uploads\/2021\/02\/DPS-L.jpg","type":"image\/jpeg"}],"twitter_card":"summary_large_image","twitter_site":"@FamaEngineering","schema":{"@context":"https:\/\/schema.org","@graph":[{"@type":"WebPage","@id":"https:\/\/www.famaengineering.com\/it\/catalogo-prodotti\/velocita-accelerazione\/pitot\/pitot-texense-modello-dps-l\/","url":"https:\/\/www.famaengineering.com\/it\/catalogo-prodotti\/velocita-accelerazione\/pitot\/pitot-texense-modello-dps-l\/","name":"PITOT Texense Modello DPS-70-0.5","isPartOf":{"@id":"https:\/\/www.famaengineering.com\/it\/#website"},"primaryImageOfPage":{"@id":"https:\/\/www.famaengineering.com\/it\/catalogo-prodotti\/velocita-accelerazione\/pitot\/pitot-texense-modello-dps-l\/#primaryimage"},"image":{"@id":"https:\/\/www.famaengineering.com\/it\/catalogo-prodotti\/velocita-accelerazione\/pitot\/pitot-texense-modello-dps-l\/#primaryimage"},"thumbnailUrl":"https:\/\/www.famaengineering.com\/wp-content\/uploads\/2021\/02\/DPS-L.jpg","datePublished":"2017-10-24T07:57:08+00:00","dateModified":"2021-04-16T14:09:24+00:00","description":"ll sensore di misura di pressione differenziale PITOT \u00e8 usato per misure aerodinamiche sui veicoli. Grazie alle sue dimensioni compatte pu\u00f2 essere installato anche in spazi angusti. Inoltre il sensore \u00e8 totalmente insensibile alle forze di acceerazione (accelerazioni lungo i 3 assi), permettendo di realizzare misure.","breadcrumb":{"@id":"https:\/\/www.famaengineering.com\/it\/catalogo-prodotti\/velocita-accelerazione\/pitot\/pitot-texense-modello-dps-l\/#breadcrumb"},"inLanguage":"it-IT","potentialAction":[{"@type":"ReadAction","target":["https:\/\/www.famaengineering.com\/it\/catalogo-prodotti\/velocita-accelerazione\/pitot\/pitot-texense-modello-dps-l\/"]}]},{"@type":"ImageObject","inLanguage":"it-IT","@id":"https:\/\/www.famaengineering.com\/it\/catalogo-prodotti\/velocita-accelerazione\/pitot\/pitot-texense-modello-dps-l\/#primaryimage","url":"https:\/\/www.famaengineering.com\/wp-content\/uploads\/2021\/02\/DPS-L.jpg","contentUrl":"https:\/\/www.famaengineering.com\/wp-content\/uploads\/2021\/02\/DPS-L.jpg","width":700,"height":700},{"@type":"BreadcrumbList","@id":"https:\/\/www.famaengineering.com\/it\/catalogo-prodotti\/velocita-accelerazione\/pitot\/pitot-texense-modello-dps-l\/#breadcrumb","itemListElement":[{"@type":"ListItem","position":1,"name":"Home","item":"https:\/\/www.famaengineering.com\/it\/"},{"@type":"ListItem","position":2,"name":"Shop","item":"https:\/\/www.famaengineering.com\/negozio\/"},{"@type":"ListItem","position":3,"name":"Pitot Texense Modello DPS-L"}]},{"@type":"WebSite","@id":"https:\/\/www.famaengineering.com\/it\/#website","url":"https:\/\/www.famaengineering.com\/it\/","name":"FAMA Engineering","description":"FAMA Engineering","publisher":{"@id":"https:\/\/www.famaengineering.com\/it\/#organization"},"potentialAction":[{"@type":"SearchAction","target":{"@type":"EntryPoint","urlTemplate":"https:\/\/www.famaengineering.com\/it\/?s={search_term_string}"},"query-input":{"@type":"PropertyValueSpecification","valueRequired":true,"valueName":"search_term_string"}}],"inLanguage":"it-IT"},{"@type":"Organization","@id":"https:\/\/www.famaengineering.com\/it\/#organization","name":"FAMA Engineering","url":"https:\/\/www.famaengineering.com\/it\/","logo":{"@type":"ImageObject","inLanguage":"it-IT","@id":"https:\/\/www.famaengineering.com\/it\/#\/schema\/logo\/image\/","url":"https:\/\/www.famaengineering.com\/wp-content\/uploads\/2014\/08\/categoria-fama-engineering-fama.jpg","contentUrl":"https:\/\/www.famaengineering.com\/wp-content\/uploads\/2014\/08\/categoria-fama-engineering-fama.jpg","width":450,"height":250,"caption":"FAMA Engineering"},"image":{"@id":"https:\/\/www.famaengineering.com\/it\/#\/schema\/logo\/image\/"},"sameAs":["https:\/\/www.facebook.com\/FamaEngineeringCompany\/","https:\/\/x.com\/FamaEngineering","https:\/\/www.instagram.com\/famamotorsport\/","https:\/\/www.linkedin.com\/company\/fama-engineering-srl\/","https:\/\/sketchfab.com\/famaengineering"]}]}},"tiered_pricing_type":"fixed","tiered_pricing_fixed_rules":[],"tiered_pricing_product_settings":{"layout":"default","base_unit_name":{"singular":null,"plural":null},"default_variation":null},"tiered_pricing_minimum_quantity":null,"tiered_pricing_roles_data":[],"tiered_pricing_percentage_rules":[],"_links":{"self":[{"href":"https:\/\/www.famaengineering.com\/it\/wp-json\/wp\/v2\/product\/10470","targetHints":{"allow":["GET"]}}],"collection":[{"href":"https:\/\/www.famaengineering.com\/it\/wp-json\/wp\/v2\/product"}],"about":[{"href":"https:\/\/www.famaengineering.com\/it\/wp-json\/wp\/v2\/types\/product"}],"replies":[{"embeddable":true,"href":"https:\/\/www.famaengineering.com\/it\/wp-json\/wp\/v2\/comments?post=10470"}],"wp:featuredmedia":[{"embeddable":true,"href":"https:\/\/www.famaengineering.com\/it\/wp-json\/wp\/v2\/media\/12442"}],"wp:attachment":[{"href":"https:\/\/www.famaengineering.com\/it\/wp-json\/wp\/v2\/media?parent=10470"}],"wp:term":[{"taxonomy":"product_cat","embeddable":true,"href":"https:\/\/www.famaengineering.com\/it\/wp-json\/wp\/v2\/product_cat?post=10470"},{"taxonomy":"product_tag","embeddable":true,"href":"https:\/\/www.famaengineering.com\/it\/wp-json\/wp\/v2\/product_tag?post=10470"}],"curies":[{"name":"wp","href":"https:\/\/api.w.org\/{rel}","templated":true}]}}