{"id":11617,"date":"2018-05-11T10:09:46","date_gmt":"2018-05-11T08:09:46","guid":{"rendered":"https:\/\/www.famaengineering.com\/?post_type=product&#038;p=11617"},"modified":"2021-04-16T18:43:50","modified_gmt":"2021-04-16T16:43:50","slug":"tampone-13id-16id-32od-7-mm","status":"publish","type":"product","link":"https:\/\/www.famaengineering.com\/it\/catalogo-prodotti\/forza-coppia-tamponi\/tamponi\/tampone-13id-16id-32od-7-mm\/","title":{"rendered":"TAMPONE STANDARD 13 ID &#038; 16 ID x 32 OD x 7 H (mm)"},"content":{"rendered":"<p>13 ID &#038; 16 ID x 32 OD x 7 H \u2013 Il Bump Rubber da 7 mm di altezza permette maggiore flessibilit\u00e0 nel soddisfare le esigenze dell\u2019utente. Se usato da solo riesce ad offrire valori elevati di rigidezza, mentre usato in serie con un bump rubber da 15 mm di altezza permette un range ampio di rigidezze e e spostamenti.<\/p>\n","protected":false},"excerpt":{"rendered":"<h4>Bump Rubber STANDARD 13 ID &#038; 16 ID x 32 OD x 7 H (mm)<\/h4>\n<p>Bump Rubber con i pi\u00f9 elevati standard di ripetibilit\u00e0 e durata, uno dei nostri prototipi ha completato con successo la 24H di LeMans, con valori minimi di usura e degrado pur essendo sottoposto a cilci limite per molte volte ad ogni singolo giro di pista.<br \/>\nKINETIC R COMPOUND<\/p>\n<p>Valori di Isteresi Ultra Bassi con &#8216;R&#8217; compound sono disponibili in<br \/>\nDurezze Standard 50, 60, 70 e 80 Shore. <\/p>\n<p>R compound \u00e8 attualmente il materiale per Bump Rubber con il valore di Isteresi pi\u00f9 basso. In pista e anche al 7 post rig, ha mostrato una riduzione della variabilit\u00e0 del carico sull\u2019impronta a terra del pneumatico, normalemte associata ai bump rubber con alta isteresi.<\/p>\n<p>Permette una estrema riduzione della influenza della temperatura sulla rigidezza del materiale.<br \/>\nRiducendo notevolmente la variazione del carico a terra sul pneumatico.<\/p>\n","protected":false},"featured_media":11619,"comment_status":"closed","ping_status":"closed","template":"","meta":[],"product_cat":[252],"product_tag":[110,108,137,135,77,141,111],"class_list":{"0":"post-11617","1":"product","2":"type-product","3":"status-publish","4":"has-post-thumbnail","6":"product_brand-kinetic-suspension","7":"product_cat-tamponi","8":"product_tag-aerospace","9":"product_tag-automotive","10":"product_tag-engineering","11":"product_tag-industriale","12":"product_tag-motorsport","13":"product_tag-progettazione-meccanica","14":"product_tag-transportation","16":"first","17":"instock","18":"taxable","19":"shipping-taxable","20":"product-type-simple"},"yoast_head":"<!-- This site is optimized with the Yoast SEO plugin v27.1.1 - https:\/\/yoast.com\/product\/yoast-seo-wordpress\/ -->\n<title>TAMPONE STANDARD 13 ID &amp; 16 ID x 32 OD x 7 H (mm) - FAMA Engineering<\/title>\n<meta name=\"description\" content=\"Il Bump Rubber da 7 mm di altezza permette maggiore flessibilit\u00e0 nel soddisfare le esigenze dell\u2019utente. Se usato da solo riesce ad offrire valori elevati di rigidezza, mentre usato in serie con un bump rubber da 15 mm di altezza permette un range ampio di rigidezze e spostamenti.\" \/>\n<meta name=\"robots\" content=\"index, follow, max-snippet:-1, max-image-preview:large, max-video-preview:-1\" \/>\n<link rel=\"canonical\" href=\"https:\/\/www.famaengineering.com\/it\/catalogo-prodotti\/forza-coppia-tamponi\/tamponi\/tampone-13id-16id-32od-7-mm\/\" \/>\n<meta property=\"og:locale\" content=\"it_IT\" \/>\n<meta property=\"og:type\" content=\"article\" \/>\n<meta property=\"og:title\" content=\"TAMPONE STANDARD 13 ID &amp; 16 ID x 32 OD x 7 H (mm) - FAMA Engineering\" \/>\n<meta property=\"og:description\" content=\"Il Bump Rubber da 7 mm di altezza permette maggiore flessibilit\u00e0 nel soddisfare le esigenze dell\u2019utente. Se usato da solo riesce ad offrire valori elevati di rigidezza, mentre usato in serie con un bump rubber da 15 mm di altezza permette un range ampio di rigidezze e spostamenti.\" \/>\n<meta property=\"og:url\" content=\"https:\/\/www.famaengineering.com\/it\/catalogo-prodotti\/forza-coppia-tamponi\/tamponi\/tampone-13id-16id-32od-7-mm\/\" \/>\n<meta property=\"og:site_name\" content=\"FAMA Engineering\" \/>\n<meta property=\"article:publisher\" content=\"https:\/\/www.facebook.com\/FamaEngineeringCompany\/\" \/>\n<meta property=\"article:modified_time\" content=\"2021-04-16T16:43:50+00:00\" \/>\n<meta property=\"og:image\" content=\"https:\/\/www.famaengineering.com\/wp-content\/uploads\/2018\/05\/32ODx13IDx7H-PIC.jpg\" \/>\n\t<meta property=\"og:image:width\" content=\"700\" \/>\n\t<meta property=\"og:image:height\" content=\"700\" \/>\n\t<meta property=\"og:image:type\" content=\"image\/jpeg\" \/>\n<meta name=\"twitter:card\" content=\"summary_large_image\" \/>\n<meta name=\"twitter:site\" content=\"@FamaEngineering\" \/>\n<script type=\"application\/ld+json\" class=\"yoast-schema-graph\">{\"@context\":\"https:\/\/schema.org\",\"@graph\":[{\"@type\":\"WebPage\",\"@id\":\"https:\/\/www.famaengineering.com\/it\/catalogo-prodotti\/forza-coppia-tamponi\/tamponi\/tampone-13id-16id-32od-7-mm\/\",\"url\":\"https:\/\/www.famaengineering.com\/it\/catalogo-prodotti\/forza-coppia-tamponi\/tamponi\/tampone-13id-16id-32od-7-mm\/\",\"name\":\"TAMPONE STANDARD 13 ID & 16 ID x 32 OD x 7 H (mm) - FAMA Engineering\",\"isPartOf\":{\"@id\":\"https:\/\/www.famaengineering.com\/it\/#website\"},\"primaryImageOfPage\":{\"@id\":\"https:\/\/www.famaengineering.com\/it\/catalogo-prodotti\/forza-coppia-tamponi\/tamponi\/tampone-13id-16id-32od-7-mm\/#primaryimage\"},\"image\":{\"@id\":\"https:\/\/www.famaengineering.com\/it\/catalogo-prodotti\/forza-coppia-tamponi\/tamponi\/tampone-13id-16id-32od-7-mm\/#primaryimage\"},\"thumbnailUrl\":\"https:\/\/www.famaengineering.com\/wp-content\/uploads\/2018\/05\/32ODx13IDx7H-PIC.jpg\",\"datePublished\":\"2018-05-11T08:09:46+00:00\",\"dateModified\":\"2021-04-16T16:43:50+00:00\",\"description\":\"Il Bump Rubber da 7 mm di altezza permette maggiore flessibilit\u00e0 nel soddisfare le esigenze dell\u2019utente. Se usato da solo riesce ad offrire valori elevati di rigidezza, mentre usato in serie con un bump rubber da 15 mm di altezza permette un range ampio di rigidezze e spostamenti.\",\"breadcrumb\":{\"@id\":\"https:\/\/www.famaengineering.com\/it\/catalogo-prodotti\/forza-coppia-tamponi\/tamponi\/tampone-13id-16id-32od-7-mm\/#breadcrumb\"},\"inLanguage\":\"it-IT\",\"potentialAction\":[{\"@type\":\"ReadAction\",\"target\":[\"https:\/\/www.famaengineering.com\/it\/catalogo-prodotti\/forza-coppia-tamponi\/tamponi\/tampone-13id-16id-32od-7-mm\/\"]}]},{\"@type\":\"ImageObject\",\"inLanguage\":\"it-IT\",\"@id\":\"https:\/\/www.famaengineering.com\/it\/catalogo-prodotti\/forza-coppia-tamponi\/tamponi\/tampone-13id-16id-32od-7-mm\/#primaryimage\",\"url\":\"https:\/\/www.famaengineering.com\/wp-content\/uploads\/2018\/05\/32ODx13IDx7H-PIC.jpg\",\"contentUrl\":\"https:\/\/www.famaengineering.com\/wp-content\/uploads\/2018\/05\/32ODx13IDx7H-PIC.jpg\",\"width\":700,\"height\":700},{\"@type\":\"BreadcrumbList\",\"@id\":\"https:\/\/www.famaengineering.com\/it\/catalogo-prodotti\/forza-coppia-tamponi\/tamponi\/tampone-13id-16id-32od-7-mm\/#breadcrumb\",\"itemListElement\":[{\"@type\":\"ListItem\",\"position\":1,\"name\":\"Home\",\"item\":\"https:\/\/www.famaengineering.com\/it\/\"},{\"@type\":\"ListItem\",\"position\":2,\"name\":\"Shop\",\"item\":\"https:\/\/www.famaengineering.com\/negozio\/\"},{\"@type\":\"ListItem\",\"position\":3,\"name\":\"TAMPONE STANDARD 13 ID &#038; 16 ID x 32 OD x 7 H (mm)\"}]},{\"@type\":\"WebSite\",\"@id\":\"https:\/\/www.famaengineering.com\/it\/#website\",\"url\":\"https:\/\/www.famaengineering.com\/it\/\",\"name\":\"FAMA Engineering\",\"description\":\"FAMA Engineering\",\"publisher\":{\"@id\":\"https:\/\/www.famaengineering.com\/it\/#organization\"},\"potentialAction\":[{\"@type\":\"SearchAction\",\"target\":{\"@type\":\"EntryPoint\",\"urlTemplate\":\"https:\/\/www.famaengineering.com\/it\/?s={search_term_string}\"},\"query-input\":{\"@type\":\"PropertyValueSpecification\",\"valueRequired\":true,\"valueName\":\"search_term_string\"}}],\"inLanguage\":\"it-IT\"},{\"@type\":\"Organization\",\"@id\":\"https:\/\/www.famaengineering.com\/it\/#organization\",\"name\":\"FAMA Engineering\",\"url\":\"https:\/\/www.famaengineering.com\/it\/\",\"logo\":{\"@type\":\"ImageObject\",\"inLanguage\":\"it-IT\",\"@id\":\"https:\/\/www.famaengineering.com\/it\/#\/schema\/logo\/image\/\",\"url\":\"https:\/\/www.famaengineering.com\/wp-content\/uploads\/2014\/08\/categoria-fama-engineering-fama.jpg\",\"contentUrl\":\"https:\/\/www.famaengineering.com\/wp-content\/uploads\/2014\/08\/categoria-fama-engineering-fama.jpg\",\"width\":450,\"height\":250,\"caption\":\"FAMA Engineering\"},\"image\":{\"@id\":\"https:\/\/www.famaengineering.com\/it\/#\/schema\/logo\/image\/\"},\"sameAs\":[\"https:\/\/www.facebook.com\/FamaEngineeringCompany\/\",\"https:\/\/x.com\/FamaEngineering\",\"https:\/\/www.instagram.com\/famamotorsport\/\",\"https:\/\/www.linkedin.com\/company\/fama-engineering-srl\/\",\"https:\/\/sketchfab.com\/famaengineering\"]}]}<\/script>\n<!-- \/ Yoast SEO plugin. -->","yoast_head_json":{"title":"TAMPONE STANDARD 13 ID & 16 ID x 32 OD x 7 H (mm) - FAMA Engineering","description":"Il Bump Rubber da 7 mm di altezza permette maggiore flessibilit\u00e0 nel soddisfare le esigenze dell\u2019utente. Se usato da solo riesce ad offrire valori elevati di rigidezza, mentre usato in serie con un bump rubber da 15 mm di altezza permette un range ampio di rigidezze e spostamenti.","robots":{"index":"index","follow":"follow","max-snippet":"max-snippet:-1","max-image-preview":"max-image-preview:large","max-video-preview":"max-video-preview:-1"},"canonical":"https:\/\/www.famaengineering.com\/it\/catalogo-prodotti\/forza-coppia-tamponi\/tamponi\/tampone-13id-16id-32od-7-mm\/","og_locale":"it_IT","og_type":"article","og_title":"TAMPONE STANDARD 13 ID & 16 ID x 32 OD x 7 H (mm) - FAMA Engineering","og_description":"Il Bump Rubber da 7 mm di altezza permette maggiore flessibilit\u00e0 nel soddisfare le esigenze dell\u2019utente. Se usato da solo riesce ad offrire valori elevati di rigidezza, mentre usato in serie con un bump rubber da 15 mm di altezza permette un range ampio di rigidezze e spostamenti.","og_url":"https:\/\/www.famaengineering.com\/it\/catalogo-prodotti\/forza-coppia-tamponi\/tamponi\/tampone-13id-16id-32od-7-mm\/","og_site_name":"FAMA Engineering","article_publisher":"https:\/\/www.facebook.com\/FamaEngineeringCompany\/","article_modified_time":"2021-04-16T16:43:50+00:00","og_image":[{"width":700,"height":700,"url":"https:\/\/www.famaengineering.com\/wp-content\/uploads\/2018\/05\/32ODx13IDx7H-PIC.jpg","type":"image\/jpeg"}],"twitter_card":"summary_large_image","twitter_site":"@FamaEngineering","schema":{"@context":"https:\/\/schema.org","@graph":[{"@type":"WebPage","@id":"https:\/\/www.famaengineering.com\/it\/catalogo-prodotti\/forza-coppia-tamponi\/tamponi\/tampone-13id-16id-32od-7-mm\/","url":"https:\/\/www.famaengineering.com\/it\/catalogo-prodotti\/forza-coppia-tamponi\/tamponi\/tampone-13id-16id-32od-7-mm\/","name":"TAMPONE STANDARD 13 ID & 16 ID x 32 OD x 7 H (mm) - FAMA Engineering","isPartOf":{"@id":"https:\/\/www.famaengineering.com\/it\/#website"},"primaryImageOfPage":{"@id":"https:\/\/www.famaengineering.com\/it\/catalogo-prodotti\/forza-coppia-tamponi\/tamponi\/tampone-13id-16id-32od-7-mm\/#primaryimage"},"image":{"@id":"https:\/\/www.famaengineering.com\/it\/catalogo-prodotti\/forza-coppia-tamponi\/tamponi\/tampone-13id-16id-32od-7-mm\/#primaryimage"},"thumbnailUrl":"https:\/\/www.famaengineering.com\/wp-content\/uploads\/2018\/05\/32ODx13IDx7H-PIC.jpg","datePublished":"2018-05-11T08:09:46+00:00","dateModified":"2021-04-16T16:43:50+00:00","description":"Il Bump Rubber da 7 mm di altezza permette maggiore flessibilit\u00e0 nel soddisfare le esigenze dell\u2019utente. Se usato da solo riesce ad offrire valori elevati di rigidezza, mentre usato in serie con un bump rubber da 15 mm di altezza permette un range ampio di rigidezze e spostamenti.","breadcrumb":{"@id":"https:\/\/www.famaengineering.com\/it\/catalogo-prodotti\/forza-coppia-tamponi\/tamponi\/tampone-13id-16id-32od-7-mm\/#breadcrumb"},"inLanguage":"it-IT","potentialAction":[{"@type":"ReadAction","target":["https:\/\/www.famaengineering.com\/it\/catalogo-prodotti\/forza-coppia-tamponi\/tamponi\/tampone-13id-16id-32od-7-mm\/"]}]},{"@type":"ImageObject","inLanguage":"it-IT","@id":"https:\/\/www.famaengineering.com\/it\/catalogo-prodotti\/forza-coppia-tamponi\/tamponi\/tampone-13id-16id-32od-7-mm\/#primaryimage","url":"https:\/\/www.famaengineering.com\/wp-content\/uploads\/2018\/05\/32ODx13IDx7H-PIC.jpg","contentUrl":"https:\/\/www.famaengineering.com\/wp-content\/uploads\/2018\/05\/32ODx13IDx7H-PIC.jpg","width":700,"height":700},{"@type":"BreadcrumbList","@id":"https:\/\/www.famaengineering.com\/it\/catalogo-prodotti\/forza-coppia-tamponi\/tamponi\/tampone-13id-16id-32od-7-mm\/#breadcrumb","itemListElement":[{"@type":"ListItem","position":1,"name":"Home","item":"https:\/\/www.famaengineering.com\/it\/"},{"@type":"ListItem","position":2,"name":"Shop","item":"https:\/\/www.famaengineering.com\/negozio\/"},{"@type":"ListItem","position":3,"name":"TAMPONE STANDARD 13 ID &#038; 16 ID x 32 OD x 7 H (mm)"}]},{"@type":"WebSite","@id":"https:\/\/www.famaengineering.com\/it\/#website","url":"https:\/\/www.famaengineering.com\/it\/","name":"FAMA Engineering","description":"FAMA Engineering","publisher":{"@id":"https:\/\/www.famaengineering.com\/it\/#organization"},"potentialAction":[{"@type":"SearchAction","target":{"@type":"EntryPoint","urlTemplate":"https:\/\/www.famaengineering.com\/it\/?s={search_term_string}"},"query-input":{"@type":"PropertyValueSpecification","valueRequired":true,"valueName":"search_term_string"}}],"inLanguage":"it-IT"},{"@type":"Organization","@id":"https:\/\/www.famaengineering.com\/it\/#organization","name":"FAMA Engineering","url":"https:\/\/www.famaengineering.com\/it\/","logo":{"@type":"ImageObject","inLanguage":"it-IT","@id":"https:\/\/www.famaengineering.com\/it\/#\/schema\/logo\/image\/","url":"https:\/\/www.famaengineering.com\/wp-content\/uploads\/2014\/08\/categoria-fama-engineering-fama.jpg","contentUrl":"https:\/\/www.famaengineering.com\/wp-content\/uploads\/2014\/08\/categoria-fama-engineering-fama.jpg","width":450,"height":250,"caption":"FAMA Engineering"},"image":{"@id":"https:\/\/www.famaengineering.com\/it\/#\/schema\/logo\/image\/"},"sameAs":["https:\/\/www.facebook.com\/FamaEngineeringCompany\/","https:\/\/x.com\/FamaEngineering","https:\/\/www.instagram.com\/famamotorsport\/","https:\/\/www.linkedin.com\/company\/fama-engineering-srl\/","https:\/\/sketchfab.com\/famaengineering"]}]}},"tiered_pricing_type":"fixed","tiered_pricing_fixed_rules":[],"tiered_pricing_product_settings":{"layout":"default","base_unit_name":{"singular":null,"plural":null},"default_variation":null},"tiered_pricing_minimum_quantity":null,"tiered_pricing_roles_data":[],"tiered_pricing_percentage_rules":[],"_links":{"self":[{"href":"https:\/\/www.famaengineering.com\/it\/wp-json\/wp\/v2\/product\/11617","targetHints":{"allow":["GET"]}}],"collection":[{"href":"https:\/\/www.famaengineering.com\/it\/wp-json\/wp\/v2\/product"}],"about":[{"href":"https:\/\/www.famaengineering.com\/it\/wp-json\/wp\/v2\/types\/product"}],"replies":[{"embeddable":true,"href":"https:\/\/www.famaengineering.com\/it\/wp-json\/wp\/v2\/comments?post=11617"}],"wp:featuredmedia":[{"embeddable":true,"href":"https:\/\/www.famaengineering.com\/it\/wp-json\/wp\/v2\/media\/11619"}],"wp:attachment":[{"href":"https:\/\/www.famaengineering.com\/it\/wp-json\/wp\/v2\/media?parent=11617"}],"wp:term":[{"taxonomy":"product_cat","embeddable":true,"href":"https:\/\/www.famaengineering.com\/it\/wp-json\/wp\/v2\/product_cat?post=11617"},{"taxonomy":"product_tag","embeddable":true,"href":"https:\/\/www.famaengineering.com\/it\/wp-json\/wp\/v2\/product_tag?post=11617"}],"curies":[{"name":"wp","href":"https:\/\/api.w.org\/{rel}","templated":true}]}}