{"id":12004,"date":"2021-02-02T17:15:32","date_gmt":"2021-02-02T16:15:32","guid":{"rendered":"https:\/\/www.famaengineering.com\/?post_type=product&#038;p=12004"},"modified":"2021-04-16T18:45:21","modified_gmt":"2021-04-16T16:45:21","slug":"wts-sensore-di-coppia-wireless","status":"publish","type":"product","link":"https:\/\/www.famaengineering.com\/it\/catalogo-prodotti\/forza-coppia-tamponi\/coppia\/wts-sensore-di-coppia-wireless\/","title":{"rendered":"WTS Sensore di coppia wireless"},"content":{"rendered":"<p>Risoluzione: 0.1 Nm o 1 Nm<br \/>\nFrequenza di campionamento: da 20 a 100 Hz<br \/>\nTemperatura di funzionamento: da -20\u00b0C a 85\u00b0C<br \/>\nAccuratezza Temperatura: 1\u00b0C<br \/>\nFrequenza di Trasmissione: 868\/902\/920 MHz<br \/>\nPeso (con batteria): 170 g\t\t\t\t\t<\/p>\n","protected":false},"excerpt":{"rendered":"<h4>WTS Sensore di coppia wireless<\/h4>\n<p>Il nuovo WTS (Wireless Torque Sensor) misura la coppia degli alberi motori o barre di torsione driveshaft sulle auto da corsa: dalle monoposto, alle berline, dalle endurance ai prototipi. Il sistema comprende:<\/p>\n<p>-Il modulo WTS (Wireless Torque Sensor) che \u00e8 un assieme di strain gauge + amplificatore strain gauge + trasmettitore + batteria integrata. Il sitema WTS (Wireless Torque Sensor) si aggancia sull&#8217;albero e ruota assieme ad esso.<br \/>\n-GenWM is the receiver installed in the car to collect the data from the WTS (Wireless Torque Sensor). This module provides a CAN output.<\/p>\n<p>Il sistema pu\u00f2 lavorare a diverse frequenze e l&#8217;unit\u00e0 \u00e8 programmabile via CAN: 1 Hz, 10 Hz, 50 Hz o 100 Hz. Con un ricevitore GenWM si possono ricevere dati da due moduli WTS (Wireless Torque Sensor) in grado di trasmettere fino ad una frequenza di 100 Hz. Il nuovo design del case del WTS (Wireless Torque Sensor) si adatta a diversi diametri di alberi, partendo dal diamtero 24mm.<\/p>\n","protected":false},"featured_media":12006,"comment_status":"closed","ping_status":"closed","template":"","meta":[],"product_cat":[300,279],"product_tag":[140,108,143,138,137,77,139,141,111],"class_list":{"0":"post-12004","1":"product","2":"type-product","3":"status-publish","4":"has-post-thumbnail","6":"product_brand-texense","7":"product_cat-coppia","8":"product_cat-forza-coppia-tamponi","9":"product_tag-acquisizione-dati","10":"product_tag-automotive","11":"product_tag-design","12":"product_tag-dinamica-del-veicolo","13":"product_tag-engineering","14":"product_tag-motorsport","15":"product_tag-nvh","16":"product_tag-progettazione-meccanica","17":"product_tag-transportation","19":"first","20":"instock","21":"taxable","22":"shipping-taxable","23":"product-type-simple"},"yoast_head":"<!-- This site is optimized with the Yoast SEO plugin v27.1.1 - https:\/\/yoast.com\/product\/yoast-seo-wordpress\/ -->\n<title>Sensore di coppia wireless Texense WTS<\/title>\n<meta name=\"description\" content=\"WTS Sensore di coppia wireless Il nuovo WTS (Wireless Torque Sensor) misura la coppia degli alberi motori o barre di torsione driveshaft su monoposto, berline, endurance e prototipi.\" \/>\n<meta name=\"robots\" content=\"index, follow, max-snippet:-1, max-image-preview:large, max-video-preview:-1\" \/>\n<link rel=\"canonical\" href=\"https:\/\/www.famaengineering.com\/it\/catalogo-prodotti\/forza-coppia-tamponi\/coppia\/wts-sensore-di-coppia-wireless\/\" \/>\n<meta property=\"og:locale\" content=\"it_IT\" \/>\n<meta property=\"og:type\" content=\"article\" \/>\n<meta property=\"og:title\" content=\"Sensore di coppia wireless Texense WTS\" \/>\n<meta property=\"og:description\" content=\"WTS Sensore di coppia wireless Il nuovo WTS (Wireless Torque Sensor) misura la coppia degli alberi motori o barre di torsione driveshaft su monoposto, berline, endurance e prototipi.\" \/>\n<meta property=\"og:url\" content=\"https:\/\/www.famaengineering.com\/it\/catalogo-prodotti\/forza-coppia-tamponi\/coppia\/wts-sensore-di-coppia-wireless\/\" \/>\n<meta property=\"og:site_name\" content=\"FAMA Engineering\" \/>\n<meta property=\"article:publisher\" content=\"https:\/\/www.facebook.com\/FamaEngineeringCompany\/\" \/>\n<meta property=\"article:modified_time\" content=\"2021-04-16T16:45:21+00:00\" \/>\n<meta property=\"og:image\" content=\"https:\/\/www.famaengineering.com\/wp-content\/uploads\/2021\/02\/WTS.jpg\" \/>\n\t<meta property=\"og:image:width\" content=\"700\" \/>\n\t<meta property=\"og:image:height\" content=\"700\" \/>\n\t<meta property=\"og:image:type\" content=\"image\/jpeg\" \/>\n<meta name=\"twitter:card\" content=\"summary_large_image\" \/>\n<meta name=\"twitter:site\" content=\"@FamaEngineering\" \/>\n<script type=\"application\/ld+json\" class=\"yoast-schema-graph\">{\"@context\":\"https:\/\/schema.org\",\"@graph\":[{\"@type\":\"WebPage\",\"@id\":\"https:\/\/www.famaengineering.com\/it\/catalogo-prodotti\/forza-coppia-tamponi\/coppia\/wts-sensore-di-coppia-wireless\/\",\"url\":\"https:\/\/www.famaengineering.com\/it\/catalogo-prodotti\/forza-coppia-tamponi\/coppia\/wts-sensore-di-coppia-wireless\/\",\"name\":\"Sensore di coppia wireless Texense WTS\",\"isPartOf\":{\"@id\":\"https:\/\/www.famaengineering.com\/it\/#website\"},\"primaryImageOfPage\":{\"@id\":\"https:\/\/www.famaengineering.com\/it\/catalogo-prodotti\/forza-coppia-tamponi\/coppia\/wts-sensore-di-coppia-wireless\/#primaryimage\"},\"image\":{\"@id\":\"https:\/\/www.famaengineering.com\/it\/catalogo-prodotti\/forza-coppia-tamponi\/coppia\/wts-sensore-di-coppia-wireless\/#primaryimage\"},\"thumbnailUrl\":\"https:\/\/www.famaengineering.com\/wp-content\/uploads\/2021\/02\/WTS.jpg\",\"datePublished\":\"2021-02-02T16:15:32+00:00\",\"dateModified\":\"2021-04-16T16:45:21+00:00\",\"description\":\"WTS Sensore di coppia wireless Il nuovo WTS (Wireless Torque Sensor) misura la coppia degli alberi motori o barre di torsione driveshaft su monoposto, berline, endurance e prototipi.\",\"breadcrumb\":{\"@id\":\"https:\/\/www.famaengineering.com\/it\/catalogo-prodotti\/forza-coppia-tamponi\/coppia\/wts-sensore-di-coppia-wireless\/#breadcrumb\"},\"inLanguage\":\"it-IT\",\"potentialAction\":[{\"@type\":\"ReadAction\",\"target\":[\"https:\/\/www.famaengineering.com\/it\/catalogo-prodotti\/forza-coppia-tamponi\/coppia\/wts-sensore-di-coppia-wireless\/\"]}]},{\"@type\":\"ImageObject\",\"inLanguage\":\"it-IT\",\"@id\":\"https:\/\/www.famaengineering.com\/it\/catalogo-prodotti\/forza-coppia-tamponi\/coppia\/wts-sensore-di-coppia-wireless\/#primaryimage\",\"url\":\"https:\/\/www.famaengineering.com\/wp-content\/uploads\/2021\/02\/WTS.jpg\",\"contentUrl\":\"https:\/\/www.famaengineering.com\/wp-content\/uploads\/2021\/02\/WTS.jpg\",\"width\":700,\"height\":700},{\"@type\":\"BreadcrumbList\",\"@id\":\"https:\/\/www.famaengineering.com\/it\/catalogo-prodotti\/forza-coppia-tamponi\/coppia\/wts-sensore-di-coppia-wireless\/#breadcrumb\",\"itemListElement\":[{\"@type\":\"ListItem\",\"position\":1,\"name\":\"Home\",\"item\":\"https:\/\/www.famaengineering.com\/it\/\"},{\"@type\":\"ListItem\",\"position\":2,\"name\":\"Shop\",\"item\":\"https:\/\/www.famaengineering.com\/negozio\/\"},{\"@type\":\"ListItem\",\"position\":3,\"name\":\"WTS Sensore di coppia wireless\"}]},{\"@type\":\"WebSite\",\"@id\":\"https:\/\/www.famaengineering.com\/it\/#website\",\"url\":\"https:\/\/www.famaengineering.com\/it\/\",\"name\":\"FAMA Engineering\",\"description\":\"FAMA Engineering\",\"publisher\":{\"@id\":\"https:\/\/www.famaengineering.com\/it\/#organization\"},\"potentialAction\":[{\"@type\":\"SearchAction\",\"target\":{\"@type\":\"EntryPoint\",\"urlTemplate\":\"https:\/\/www.famaengineering.com\/it\/?s={search_term_string}\"},\"query-input\":{\"@type\":\"PropertyValueSpecification\",\"valueRequired\":true,\"valueName\":\"search_term_string\"}}],\"inLanguage\":\"it-IT\"},{\"@type\":\"Organization\",\"@id\":\"https:\/\/www.famaengineering.com\/it\/#organization\",\"name\":\"FAMA Engineering\",\"url\":\"https:\/\/www.famaengineering.com\/it\/\",\"logo\":{\"@type\":\"ImageObject\",\"inLanguage\":\"it-IT\",\"@id\":\"https:\/\/www.famaengineering.com\/it\/#\/schema\/logo\/image\/\",\"url\":\"https:\/\/www.famaengineering.com\/wp-content\/uploads\/2014\/08\/categoria-fama-engineering-fama.jpg\",\"contentUrl\":\"https:\/\/www.famaengineering.com\/wp-content\/uploads\/2014\/08\/categoria-fama-engineering-fama.jpg\",\"width\":450,\"height\":250,\"caption\":\"FAMA Engineering\"},\"image\":{\"@id\":\"https:\/\/www.famaengineering.com\/it\/#\/schema\/logo\/image\/\"},\"sameAs\":[\"https:\/\/www.facebook.com\/FamaEngineeringCompany\/\",\"https:\/\/x.com\/FamaEngineering\",\"https:\/\/www.instagram.com\/famamotorsport\/\",\"https:\/\/www.linkedin.com\/company\/fama-engineering-srl\/\",\"https:\/\/sketchfab.com\/famaengineering\"]}]}<\/script>\n<!-- \/ Yoast SEO plugin. -->","yoast_head_json":{"title":"Sensore di coppia wireless Texense WTS","description":"WTS Sensore di coppia wireless Il nuovo WTS (Wireless Torque Sensor) misura la coppia degli alberi motori o barre di torsione driveshaft su monoposto, berline, endurance e prototipi.","robots":{"index":"index","follow":"follow","max-snippet":"max-snippet:-1","max-image-preview":"max-image-preview:large","max-video-preview":"max-video-preview:-1"},"canonical":"https:\/\/www.famaengineering.com\/it\/catalogo-prodotti\/forza-coppia-tamponi\/coppia\/wts-sensore-di-coppia-wireless\/","og_locale":"it_IT","og_type":"article","og_title":"Sensore di coppia wireless Texense WTS","og_description":"WTS Sensore di coppia wireless Il nuovo WTS (Wireless Torque Sensor) misura la coppia degli alberi motori o barre di torsione driveshaft su monoposto, berline, endurance e prototipi.","og_url":"https:\/\/www.famaengineering.com\/it\/catalogo-prodotti\/forza-coppia-tamponi\/coppia\/wts-sensore-di-coppia-wireless\/","og_site_name":"FAMA Engineering","article_publisher":"https:\/\/www.facebook.com\/FamaEngineeringCompany\/","article_modified_time":"2021-04-16T16:45:21+00:00","og_image":[{"width":700,"height":700,"url":"https:\/\/www.famaengineering.com\/wp-content\/uploads\/2021\/02\/WTS.jpg","type":"image\/jpeg"}],"twitter_card":"summary_large_image","twitter_site":"@FamaEngineering","schema":{"@context":"https:\/\/schema.org","@graph":[{"@type":"WebPage","@id":"https:\/\/www.famaengineering.com\/it\/catalogo-prodotti\/forza-coppia-tamponi\/coppia\/wts-sensore-di-coppia-wireless\/","url":"https:\/\/www.famaengineering.com\/it\/catalogo-prodotti\/forza-coppia-tamponi\/coppia\/wts-sensore-di-coppia-wireless\/","name":"Sensore di coppia wireless Texense WTS","isPartOf":{"@id":"https:\/\/www.famaengineering.com\/it\/#website"},"primaryImageOfPage":{"@id":"https:\/\/www.famaengineering.com\/it\/catalogo-prodotti\/forza-coppia-tamponi\/coppia\/wts-sensore-di-coppia-wireless\/#primaryimage"},"image":{"@id":"https:\/\/www.famaengineering.com\/it\/catalogo-prodotti\/forza-coppia-tamponi\/coppia\/wts-sensore-di-coppia-wireless\/#primaryimage"},"thumbnailUrl":"https:\/\/www.famaengineering.com\/wp-content\/uploads\/2021\/02\/WTS.jpg","datePublished":"2021-02-02T16:15:32+00:00","dateModified":"2021-04-16T16:45:21+00:00","description":"WTS Sensore di coppia wireless Il nuovo WTS (Wireless Torque Sensor) misura la coppia degli alberi motori o barre di torsione driveshaft su monoposto, berline, endurance e prototipi.","breadcrumb":{"@id":"https:\/\/www.famaengineering.com\/it\/catalogo-prodotti\/forza-coppia-tamponi\/coppia\/wts-sensore-di-coppia-wireless\/#breadcrumb"},"inLanguage":"it-IT","potentialAction":[{"@type":"ReadAction","target":["https:\/\/www.famaengineering.com\/it\/catalogo-prodotti\/forza-coppia-tamponi\/coppia\/wts-sensore-di-coppia-wireless\/"]}]},{"@type":"ImageObject","inLanguage":"it-IT","@id":"https:\/\/www.famaengineering.com\/it\/catalogo-prodotti\/forza-coppia-tamponi\/coppia\/wts-sensore-di-coppia-wireless\/#primaryimage","url":"https:\/\/www.famaengineering.com\/wp-content\/uploads\/2021\/02\/WTS.jpg","contentUrl":"https:\/\/www.famaengineering.com\/wp-content\/uploads\/2021\/02\/WTS.jpg","width":700,"height":700},{"@type":"BreadcrumbList","@id":"https:\/\/www.famaengineering.com\/it\/catalogo-prodotti\/forza-coppia-tamponi\/coppia\/wts-sensore-di-coppia-wireless\/#breadcrumb","itemListElement":[{"@type":"ListItem","position":1,"name":"Home","item":"https:\/\/www.famaengineering.com\/it\/"},{"@type":"ListItem","position":2,"name":"Shop","item":"https:\/\/www.famaengineering.com\/negozio\/"},{"@type":"ListItem","position":3,"name":"WTS Sensore di coppia wireless"}]},{"@type":"WebSite","@id":"https:\/\/www.famaengineering.com\/it\/#website","url":"https:\/\/www.famaengineering.com\/it\/","name":"FAMA Engineering","description":"FAMA Engineering","publisher":{"@id":"https:\/\/www.famaengineering.com\/it\/#organization"},"potentialAction":[{"@type":"SearchAction","target":{"@type":"EntryPoint","urlTemplate":"https:\/\/www.famaengineering.com\/it\/?s={search_term_string}"},"query-input":{"@type":"PropertyValueSpecification","valueRequired":true,"valueName":"search_term_string"}}],"inLanguage":"it-IT"},{"@type":"Organization","@id":"https:\/\/www.famaengineering.com\/it\/#organization","name":"FAMA Engineering","url":"https:\/\/www.famaengineering.com\/it\/","logo":{"@type":"ImageObject","inLanguage":"it-IT","@id":"https:\/\/www.famaengineering.com\/it\/#\/schema\/logo\/image\/","url":"https:\/\/www.famaengineering.com\/wp-content\/uploads\/2014\/08\/categoria-fama-engineering-fama.jpg","contentUrl":"https:\/\/www.famaengineering.com\/wp-content\/uploads\/2014\/08\/categoria-fama-engineering-fama.jpg","width":450,"height":250,"caption":"FAMA Engineering"},"image":{"@id":"https:\/\/www.famaengineering.com\/it\/#\/schema\/logo\/image\/"},"sameAs":["https:\/\/www.facebook.com\/FamaEngineeringCompany\/","https:\/\/x.com\/FamaEngineering","https:\/\/www.instagram.com\/famamotorsport\/","https:\/\/www.linkedin.com\/company\/fama-engineering-srl\/","https:\/\/sketchfab.com\/famaengineering"]}]}},"tiered_pricing_type":"fixed","tiered_pricing_fixed_rules":[],"tiered_pricing_product_settings":{"layout":"default","base_unit_name":{"singular":null,"plural":null},"default_variation":null},"tiered_pricing_minimum_quantity":null,"tiered_pricing_roles_data":[],"tiered_pricing_percentage_rules":[],"_links":{"self":[{"href":"https:\/\/www.famaengineering.com\/it\/wp-json\/wp\/v2\/product\/12004","targetHints":{"allow":["GET"]}}],"collection":[{"href":"https:\/\/www.famaengineering.com\/it\/wp-json\/wp\/v2\/product"}],"about":[{"href":"https:\/\/www.famaengineering.com\/it\/wp-json\/wp\/v2\/types\/product"}],"replies":[{"embeddable":true,"href":"https:\/\/www.famaengineering.com\/it\/wp-json\/wp\/v2\/comments?post=12004"}],"wp:featuredmedia":[{"embeddable":true,"href":"https:\/\/www.famaengineering.com\/it\/wp-json\/wp\/v2\/media\/12006"}],"wp:attachment":[{"href":"https:\/\/www.famaengineering.com\/it\/wp-json\/wp\/v2\/media?parent=12004"}],"wp:term":[{"taxonomy":"product_cat","embeddable":true,"href":"https:\/\/www.famaengineering.com\/it\/wp-json\/wp\/v2\/product_cat?post=12004"},{"taxonomy":"product_tag","embeddable":true,"href":"https:\/\/www.famaengineering.com\/it\/wp-json\/wp\/v2\/product_tag?post=12004"}],"curies":[{"name":"wp","href":"https:\/\/api.w.org\/{rel}","templated":true}]}}