{"id":12206,"date":"2021-02-03T16:42:31","date_gmt":"2021-02-03T15:42:31","guid":{"rendered":"https:\/\/www.famaengineering.com\/?post_type=product&#038;p=12206"},"modified":"2021-04-16T18:40:32","modified_gmt":"2021-04-16T16:40:32","slug":"tampone-custom","status":"publish","type":"product","link":"https:\/\/www.famaengineering.com\/it\/catalogo-prodotti\/forza-coppia-tamponi\/tamponi\/tampone-custom\/","title":{"rendered":"TAMPONE CUSTOM"},"content":{"rendered":"<p>TAMPONE IN GOMMA CUSTOM &#8211; Possiamo fornire un prodotto\/prototipo basato sulle vostre specifiche richieste ed esigenze. Proponiamo Tampone in Gomma CUSTOM come possibile proposta per tutti i Team, con una produzione rapida e con costi contenuti pur trattandosi di prodotti prototipali. Ordine minimo di 5 pezzi per ogni singolo prototipo.<\/p>\n","protected":false},"excerpt":{"rendered":"<h4>Tampone in Gomma CUSTOM<\/h4>\n<p>Bump Rubber con i pi\u00f9 elevati standard di ripetibilit\u00e0 e durata, uno dei nostri prototipi ha completato con successo la 24H di LeMans, con valori minimi di usura e degrado pur essendo sottoposto a cilci limite per molte volte ad ogni singolo giro di pista.<br \/>\nKINETIC R COMPOUND<\/p>\n<p>Valori di Isteresi Ultra Bassi con &#8216;R&#8217; compound sono disponibili in<br \/>\nDurezze Standard 50, 60, 70 e 80 Shore. <\/p>\n<p>R compound \u00e8 attualmente il materiale per Bump Rubber con il valore di Isteresi pi\u00f9 basso. In pista e anche al 7 post rig, ha mostrato una riduzione della variabilit\u00e0 del carico sull\u2019impronta a terra del pneumatico, normalemte associata ai bump rubber con alta isteresi.<\/p>\n<p>Permette una estrema riduzione della influenza della temperatura sulla rigidezza del materiale.<br \/>\nRiducendo notevolmente la variazione del carico a terra sul pneumatico.<\/p>\n","protected":false},"featured_media":12498,"comment_status":"closed","ping_status":"closed","template":"","meta":[],"product_cat":[279,252],"product_tag":[140,143,138,137,77,139,141],"class_list":{"0":"post-12206","1":"product","2":"type-product","3":"status-publish","4":"has-post-thumbnail","6":"product_brand-kinetic-suspension","7":"product_cat-forza-coppia-tamponi","8":"product_cat-tamponi","9":"product_tag-acquisizione-dati","10":"product_tag-design","11":"product_tag-dinamica-del-veicolo","12":"product_tag-engineering","13":"product_tag-motorsport","14":"product_tag-nvh","15":"product_tag-progettazione-meccanica","17":"first","18":"instock","19":"taxable","20":"shipping-taxable","21":"product-type-simple"},"yoast_head":"<!-- This site is optimized with the Yoast SEO plugin v27.1.1 - https:\/\/yoast.com\/product\/yoast-seo-wordpress\/ -->\n<title>Tampone in gomma Custom Kinetic Suspension<\/title>\n<meta name=\"description\" content=\"Bump Rubber con i pi\u00f9 elevati standard di ripetibilit\u00e0 e durata, con valori minimi di usura e degrado pur essendo sottoposto a cilci limite per molte volte ad ogni singolo giro di pista.\" \/>\n<meta name=\"robots\" content=\"index, follow, max-snippet:-1, max-image-preview:large, max-video-preview:-1\" \/>\n<link rel=\"canonical\" href=\"https:\/\/www.famaengineering.com\/it\/catalogo-prodotti\/forza-coppia-tamponi\/tamponi\/tampone-custom\/\" \/>\n<meta property=\"og:locale\" content=\"it_IT\" \/>\n<meta property=\"og:type\" content=\"article\" \/>\n<meta property=\"og:title\" content=\"Tampone in gomma Custom Kinetic Suspension\" \/>\n<meta property=\"og:description\" content=\"Bump Rubber con i pi\u00f9 elevati standard di ripetibilit\u00e0 e durata, con valori minimi di usura e degrado pur essendo sottoposto a cilci limite per molte volte ad ogni singolo giro di pista.\" \/>\n<meta property=\"og:url\" content=\"https:\/\/www.famaengineering.com\/it\/catalogo-prodotti\/forza-coppia-tamponi\/tamponi\/tampone-custom\/\" \/>\n<meta property=\"og:site_name\" content=\"FAMA Engineering\" \/>\n<meta property=\"article:publisher\" content=\"https:\/\/www.facebook.com\/FamaEngineeringCompany\/\" \/>\n<meta property=\"article:modified_time\" content=\"2021-04-16T16:40:32+00:00\" \/>\n<meta property=\"og:image\" content=\"https:\/\/www.famaengineering.com\/wp-content\/uploads\/2021\/02\/CUSTOM-PIC.jpeg\" \/>\n\t<meta property=\"og:image:width\" content=\"700\" \/>\n\t<meta property=\"og:image:height\" content=\"700\" \/>\n\t<meta property=\"og:image:type\" content=\"image\/jpeg\" \/>\n<meta name=\"twitter:card\" content=\"summary_large_image\" \/>\n<meta name=\"twitter:site\" content=\"@FamaEngineering\" \/>\n<meta name=\"twitter:label1\" content=\"Tempo di lettura stimato\" \/>\n\t<meta name=\"twitter:data1\" content=\"1 minuto\" \/>\n<script type=\"application\/ld+json\" class=\"yoast-schema-graph\">{\"@context\":\"https:\/\/schema.org\",\"@graph\":[{\"@type\":\"WebPage\",\"@id\":\"https:\/\/www.famaengineering.com\/it\/catalogo-prodotti\/forza-coppia-tamponi\/tamponi\/tampone-custom\/\",\"url\":\"https:\/\/www.famaengineering.com\/it\/catalogo-prodotti\/forza-coppia-tamponi\/tamponi\/tampone-custom\/\",\"name\":\"Tampone in gomma Custom Kinetic Suspension\",\"isPartOf\":{\"@id\":\"https:\/\/www.famaengineering.com\/it\/#website\"},\"primaryImageOfPage\":{\"@id\":\"https:\/\/www.famaengineering.com\/it\/catalogo-prodotti\/forza-coppia-tamponi\/tamponi\/tampone-custom\/#primaryimage\"},\"image\":{\"@id\":\"https:\/\/www.famaengineering.com\/it\/catalogo-prodotti\/forza-coppia-tamponi\/tamponi\/tampone-custom\/#primaryimage\"},\"thumbnailUrl\":\"https:\/\/www.famaengineering.com\/wp-content\/uploads\/2021\/02\/CUSTOM-PIC.jpeg\",\"datePublished\":\"2021-02-03T15:42:31+00:00\",\"dateModified\":\"2021-04-16T16:40:32+00:00\",\"description\":\"Bump Rubber con i pi\u00f9 elevati standard di ripetibilit\u00e0 e durata, con valori minimi di usura e degrado pur essendo sottoposto a cilci limite per molte volte ad ogni singolo giro di pista.\",\"breadcrumb\":{\"@id\":\"https:\/\/www.famaengineering.com\/it\/catalogo-prodotti\/forza-coppia-tamponi\/tamponi\/tampone-custom\/#breadcrumb\"},\"inLanguage\":\"it-IT\",\"potentialAction\":[{\"@type\":\"ReadAction\",\"target\":[\"https:\/\/www.famaengineering.com\/it\/catalogo-prodotti\/forza-coppia-tamponi\/tamponi\/tampone-custom\/\"]}]},{\"@type\":\"ImageObject\",\"inLanguage\":\"it-IT\",\"@id\":\"https:\/\/www.famaengineering.com\/it\/catalogo-prodotti\/forza-coppia-tamponi\/tamponi\/tampone-custom\/#primaryimage\",\"url\":\"https:\/\/www.famaengineering.com\/wp-content\/uploads\/2021\/02\/CUSTOM-PIC.jpeg\",\"contentUrl\":\"https:\/\/www.famaengineering.com\/wp-content\/uploads\/2021\/02\/CUSTOM-PIC.jpeg\",\"width\":700,\"height\":700},{\"@type\":\"BreadcrumbList\",\"@id\":\"https:\/\/www.famaengineering.com\/it\/catalogo-prodotti\/forza-coppia-tamponi\/tamponi\/tampone-custom\/#breadcrumb\",\"itemListElement\":[{\"@type\":\"ListItem\",\"position\":1,\"name\":\"Home\",\"item\":\"https:\/\/www.famaengineering.com\/it\/\"},{\"@type\":\"ListItem\",\"position\":2,\"name\":\"Shop\",\"item\":\"https:\/\/www.famaengineering.com\/negozio\/\"},{\"@type\":\"ListItem\",\"position\":3,\"name\":\"TAMPONE CUSTOM\"}]},{\"@type\":\"WebSite\",\"@id\":\"https:\/\/www.famaengineering.com\/it\/#website\",\"url\":\"https:\/\/www.famaengineering.com\/it\/\",\"name\":\"FAMA Engineering\",\"description\":\"FAMA Engineering\",\"publisher\":{\"@id\":\"https:\/\/www.famaengineering.com\/it\/#organization\"},\"potentialAction\":[{\"@type\":\"SearchAction\",\"target\":{\"@type\":\"EntryPoint\",\"urlTemplate\":\"https:\/\/www.famaengineering.com\/it\/?s={search_term_string}\"},\"query-input\":{\"@type\":\"PropertyValueSpecification\",\"valueRequired\":true,\"valueName\":\"search_term_string\"}}],\"inLanguage\":\"it-IT\"},{\"@type\":\"Organization\",\"@id\":\"https:\/\/www.famaengineering.com\/it\/#organization\",\"name\":\"FAMA Engineering\",\"url\":\"https:\/\/www.famaengineering.com\/it\/\",\"logo\":{\"@type\":\"ImageObject\",\"inLanguage\":\"it-IT\",\"@id\":\"https:\/\/www.famaengineering.com\/it\/#\/schema\/logo\/image\/\",\"url\":\"https:\/\/www.famaengineering.com\/wp-content\/uploads\/2014\/08\/categoria-fama-engineering-fama.jpg\",\"contentUrl\":\"https:\/\/www.famaengineering.com\/wp-content\/uploads\/2014\/08\/categoria-fama-engineering-fama.jpg\",\"width\":450,\"height\":250,\"caption\":\"FAMA Engineering\"},\"image\":{\"@id\":\"https:\/\/www.famaengineering.com\/it\/#\/schema\/logo\/image\/\"},\"sameAs\":[\"https:\/\/www.facebook.com\/FamaEngineeringCompany\/\",\"https:\/\/x.com\/FamaEngineering\",\"https:\/\/www.instagram.com\/famamotorsport\/\",\"https:\/\/www.linkedin.com\/company\/fama-engineering-srl\/\",\"https:\/\/sketchfab.com\/famaengineering\"]}]}<\/script>\n<!-- \/ Yoast SEO plugin. -->","yoast_head_json":{"title":"Tampone in gomma Custom Kinetic Suspension","description":"Bump Rubber con i pi\u00f9 elevati standard di ripetibilit\u00e0 e durata, con valori minimi di usura e degrado pur essendo sottoposto a cilci limite per molte volte ad ogni singolo giro di pista.","robots":{"index":"index","follow":"follow","max-snippet":"max-snippet:-1","max-image-preview":"max-image-preview:large","max-video-preview":"max-video-preview:-1"},"canonical":"https:\/\/www.famaengineering.com\/it\/catalogo-prodotti\/forza-coppia-tamponi\/tamponi\/tampone-custom\/","og_locale":"it_IT","og_type":"article","og_title":"Tampone in gomma Custom Kinetic Suspension","og_description":"Bump Rubber con i pi\u00f9 elevati standard di ripetibilit\u00e0 e durata, con valori minimi di usura e degrado pur essendo sottoposto a cilci limite per molte volte ad ogni singolo giro di pista.","og_url":"https:\/\/www.famaengineering.com\/it\/catalogo-prodotti\/forza-coppia-tamponi\/tamponi\/tampone-custom\/","og_site_name":"FAMA Engineering","article_publisher":"https:\/\/www.facebook.com\/FamaEngineeringCompany\/","article_modified_time":"2021-04-16T16:40:32+00:00","og_image":[{"width":700,"height":700,"url":"https:\/\/www.famaengineering.com\/wp-content\/uploads\/2021\/02\/CUSTOM-PIC.jpeg","type":"image\/jpeg"}],"twitter_card":"summary_large_image","twitter_site":"@FamaEngineering","twitter_misc":{"Tempo di lettura stimato":"1 minuto"},"schema":{"@context":"https:\/\/schema.org","@graph":[{"@type":"WebPage","@id":"https:\/\/www.famaengineering.com\/it\/catalogo-prodotti\/forza-coppia-tamponi\/tamponi\/tampone-custom\/","url":"https:\/\/www.famaengineering.com\/it\/catalogo-prodotti\/forza-coppia-tamponi\/tamponi\/tampone-custom\/","name":"Tampone in gomma Custom Kinetic Suspension","isPartOf":{"@id":"https:\/\/www.famaengineering.com\/it\/#website"},"primaryImageOfPage":{"@id":"https:\/\/www.famaengineering.com\/it\/catalogo-prodotti\/forza-coppia-tamponi\/tamponi\/tampone-custom\/#primaryimage"},"image":{"@id":"https:\/\/www.famaengineering.com\/it\/catalogo-prodotti\/forza-coppia-tamponi\/tamponi\/tampone-custom\/#primaryimage"},"thumbnailUrl":"https:\/\/www.famaengineering.com\/wp-content\/uploads\/2021\/02\/CUSTOM-PIC.jpeg","datePublished":"2021-02-03T15:42:31+00:00","dateModified":"2021-04-16T16:40:32+00:00","description":"Bump Rubber con i pi\u00f9 elevati standard di ripetibilit\u00e0 e durata, con valori minimi di usura e degrado pur essendo sottoposto a cilci limite per molte volte ad ogni singolo giro di pista.","breadcrumb":{"@id":"https:\/\/www.famaengineering.com\/it\/catalogo-prodotti\/forza-coppia-tamponi\/tamponi\/tampone-custom\/#breadcrumb"},"inLanguage":"it-IT","potentialAction":[{"@type":"ReadAction","target":["https:\/\/www.famaengineering.com\/it\/catalogo-prodotti\/forza-coppia-tamponi\/tamponi\/tampone-custom\/"]}]},{"@type":"ImageObject","inLanguage":"it-IT","@id":"https:\/\/www.famaengineering.com\/it\/catalogo-prodotti\/forza-coppia-tamponi\/tamponi\/tampone-custom\/#primaryimage","url":"https:\/\/www.famaengineering.com\/wp-content\/uploads\/2021\/02\/CUSTOM-PIC.jpeg","contentUrl":"https:\/\/www.famaengineering.com\/wp-content\/uploads\/2021\/02\/CUSTOM-PIC.jpeg","width":700,"height":700},{"@type":"BreadcrumbList","@id":"https:\/\/www.famaengineering.com\/it\/catalogo-prodotti\/forza-coppia-tamponi\/tamponi\/tampone-custom\/#breadcrumb","itemListElement":[{"@type":"ListItem","position":1,"name":"Home","item":"https:\/\/www.famaengineering.com\/it\/"},{"@type":"ListItem","position":2,"name":"Shop","item":"https:\/\/www.famaengineering.com\/negozio\/"},{"@type":"ListItem","position":3,"name":"TAMPONE CUSTOM"}]},{"@type":"WebSite","@id":"https:\/\/www.famaengineering.com\/it\/#website","url":"https:\/\/www.famaengineering.com\/it\/","name":"FAMA Engineering","description":"FAMA Engineering","publisher":{"@id":"https:\/\/www.famaengineering.com\/it\/#organization"},"potentialAction":[{"@type":"SearchAction","target":{"@type":"EntryPoint","urlTemplate":"https:\/\/www.famaengineering.com\/it\/?s={search_term_string}"},"query-input":{"@type":"PropertyValueSpecification","valueRequired":true,"valueName":"search_term_string"}}],"inLanguage":"it-IT"},{"@type":"Organization","@id":"https:\/\/www.famaengineering.com\/it\/#organization","name":"FAMA Engineering","url":"https:\/\/www.famaengineering.com\/it\/","logo":{"@type":"ImageObject","inLanguage":"it-IT","@id":"https:\/\/www.famaengineering.com\/it\/#\/schema\/logo\/image\/","url":"https:\/\/www.famaengineering.com\/wp-content\/uploads\/2014\/08\/categoria-fama-engineering-fama.jpg","contentUrl":"https:\/\/www.famaengineering.com\/wp-content\/uploads\/2014\/08\/categoria-fama-engineering-fama.jpg","width":450,"height":250,"caption":"FAMA Engineering"},"image":{"@id":"https:\/\/www.famaengineering.com\/it\/#\/schema\/logo\/image\/"},"sameAs":["https:\/\/www.facebook.com\/FamaEngineeringCompany\/","https:\/\/x.com\/FamaEngineering","https:\/\/www.instagram.com\/famamotorsport\/","https:\/\/www.linkedin.com\/company\/fama-engineering-srl\/","https:\/\/sketchfab.com\/famaengineering"]}]}},"tiered_pricing_type":"fixed","tiered_pricing_fixed_rules":[],"tiered_pricing_product_settings":{"layout":"default","base_unit_name":{"singular":null,"plural":null},"default_variation":null},"tiered_pricing_minimum_quantity":null,"tiered_pricing_roles_data":[],"tiered_pricing_percentage_rules":[],"_links":{"self":[{"href":"https:\/\/www.famaengineering.com\/it\/wp-json\/wp\/v2\/product\/12206","targetHints":{"allow":["GET"]}}],"collection":[{"href":"https:\/\/www.famaengineering.com\/it\/wp-json\/wp\/v2\/product"}],"about":[{"href":"https:\/\/www.famaengineering.com\/it\/wp-json\/wp\/v2\/types\/product"}],"replies":[{"embeddable":true,"href":"https:\/\/www.famaengineering.com\/it\/wp-json\/wp\/v2\/comments?post=12206"}],"wp:featuredmedia":[{"embeddable":true,"href":"https:\/\/www.famaengineering.com\/it\/wp-json\/wp\/v2\/media\/12498"}],"wp:attachment":[{"href":"https:\/\/www.famaengineering.com\/it\/wp-json\/wp\/v2\/media?parent=12206"}],"wp:term":[{"taxonomy":"product_cat","embeddable":true,"href":"https:\/\/www.famaengineering.com\/it\/wp-json\/wp\/v2\/product_cat?post=12206"},{"taxonomy":"product_tag","embeddable":true,"href":"https:\/\/www.famaengineering.com\/it\/wp-json\/wp\/v2\/product_tag?post=12206"}],"curies":[{"name":"wp","href":"https:\/\/api.w.org\/{rel}","templated":true}]}}