{"id":12412,"date":"2021-02-04T10:27:00","date_gmt":"2021-02-04T09:27:00","guid":{"rendered":"https:\/\/www.famaengineering.com\/?post_type=product&#038;p=12412"},"modified":"2021-04-19T10:32:33","modified_gmt":"2021-04-19T08:32:33","slug":"fx9600-fixed-uhf-rfid-reader","status":"publish","type":"product","link":"https:\/\/www.famaengineering.com\/it\/catalogo-prodotti\/presenza-immagine\/rfid\/fx9600-fixed-uhf-rfid-reader\/","title":{"rendered":"FX9600 Fixed UHF RFID Reader"},"content":{"rendered":"<p>RFID Max Sensibilit\u00e0 di Ricezione: -86 dBm monostatico<br \/>\nProtocolli: ISO 18000-63 (EPC Class 1 Gen 2 V2)<br \/>\nFrequenze (Bande UHF) WorldWide: 902 MHz &#8211; 928 MHz e 865 MHZ- 868 MHz.<br \/>\nFrequenze (Bande UHF) USA(solo): 902 MHz &#8211; 928 MHz.<br \/>\nNr.Porte Antenna: 4 porte FX9600-4, 8 porte FX9600-8<br \/>\nI\/O Digitali: 4 input, 4 output<br \/>\nInterfaccia: 10\/100 Ethernet, USB , Seriale (DB9)<br \/>\nRange di Temperatura: da -20\u00b0C a +55\u00b0C<br \/>\nLivello di protezione: IP53<\/p>\n","protected":false},"excerpt":{"rendered":"<h4>Prestazioni al top di gamma per ambienti industriali ad alta produttivit\u00e0<\/h4>\n<p>Per ottenere la massima visibilit\u00e0 ed efficienza negli ambienti pi\u00f9 difficili, \u00e8 necessario l&#8217;utilizzo di un lettore RFID in grado di tenere il passo con il volume elevato e l&#8217;ampia variet\u00e0 di pallet, casse e articoli etichettati che entrano, escono e attraversano il magazzino e le porte del molo ogni giorno . Il lettore RFID UHF Zebra FX9600 offre le prestazioni e le funzionalit\u00e0 necessarie per gestire tutto. Con supporto per Power over Ethernet, protezione IP53 e fino a otto porte RF, FX9600 alza un nuovo standard a livello di efficienza.<br \/>\nMonitoraggio delle risorse UHF e gestione dell&#8217;inventario, senza alcun compromesso nelle prestazioni. Le pi\u00f9 a\u00f2te velocit\u00e0 di lettura sul mercato, gli ampi range di lettura e l&#8217;eccezionale sensibilit\u00e0 RF assicurano la possibilit\u00e0 di automatizzare la gestione dell&#8217;inventario, dalla ricezione e stoccaggio al prelievo e alla spedizione, senza errori e senza colli di bottiglia. Il risultato? Maggiore efficienza e precisione ogni volta che il tuo magazzino viene utilizzato, costi di manodopera ridotti e consegna del prodotto giusto al cliente giusto, in tempo, ogni volta. Quando hai bisogno le migliori prestazioni RFID del settore, l&#8217;FX9600 \u00e8 la risposta.<\/p>\n","protected":false},"featured_media":12414,"comment_status":"closed","ping_status":"closed","template":"","meta":[],"product_cat":[295,276],"product_tag":[140,110,108,143,112,137,144,135,141,111],"class_list":{"0":"post-12412","1":"product","2":"type-product","3":"status-publish","4":"has-post-thumbnail","6":"product_cat-rfid","7":"product_cat-presenza-immagine","8":"product_tag-acquisizione-dati","9":"product_tag-aerospace","10":"product_tag-automotive","11":"product_tag-design","12":"product_tag-elettronica","13":"product_tag-engineering","14":"product_tag-industria-4-0","15":"product_tag-industriale","16":"product_tag-progettazione-meccanica","17":"product_tag-transportation","19":"first","20":"instock","21":"taxable","22":"shipping-taxable","23":"product-type-simple"},"yoast_head":"<!-- This site is optimized with the Yoast SEO plugin v27.1.1 - https:\/\/yoast.com\/product\/yoast-seo-wordpress\/ -->\n<title>Lettore RFID UHF Kalpa FX9600<\/title>\n<meta name=\"description\" content=\"Il lettore RFID UHF Zebra FX9600 offre le prestazioni e le funzionalit\u00e0 necessarie per gestire tutto. Con supporto per Power over Ethernet, protezione IP53 e fino a otto porte RF, FX9600 alza un nuovo standard a livello di efficienza.\" \/>\n<meta name=\"robots\" content=\"index, follow, max-snippet:-1, max-image-preview:large, max-video-preview:-1\" \/>\n<link rel=\"canonical\" href=\"https:\/\/www.famaengineering.com\/it\/catalogo-prodotti\/presenza-immagine\/rfid\/fx9600-fixed-uhf-rfid-reader\/\" \/>\n<meta property=\"og:locale\" content=\"it_IT\" \/>\n<meta property=\"og:type\" content=\"article\" \/>\n<meta property=\"og:title\" content=\"Lettore RFID UHF Kalpa FX9600\" \/>\n<meta property=\"og:description\" content=\"Il lettore RFID UHF Zebra FX9600 offre le prestazioni e le funzionalit\u00e0 necessarie per gestire tutto. Con supporto per Power over Ethernet, protezione IP53 e fino a otto porte RF, FX9600 alza un nuovo standard a livello di efficienza.\" \/>\n<meta property=\"og:url\" content=\"https:\/\/www.famaengineering.com\/it\/catalogo-prodotti\/presenza-immagine\/rfid\/fx9600-fixed-uhf-rfid-reader\/\" \/>\n<meta property=\"og:site_name\" content=\"FAMA Engineering\" \/>\n<meta property=\"article:publisher\" content=\"https:\/\/www.facebook.com\/FamaEngineeringCompany\/\" \/>\n<meta property=\"article:modified_time\" content=\"2021-04-19T08:32:33+00:00\" \/>\n<meta property=\"og:image\" content=\"https:\/\/www.famaengineering.com\/wp-content\/uploads\/2021\/02\/ZEBRA.jpg\" \/>\n\t<meta property=\"og:image:width\" content=\"500\" \/>\n\t<meta property=\"og:image:height\" content=\"500\" \/>\n\t<meta property=\"og:image:type\" content=\"image\/jpeg\" \/>\n<meta name=\"twitter:card\" content=\"summary_large_image\" \/>\n<meta name=\"twitter:site\" content=\"@FamaEngineering\" \/>\n<meta name=\"twitter:label1\" content=\"Tempo di lettura stimato\" \/>\n\t<meta name=\"twitter:data1\" content=\"1 minuto\" \/>\n<script type=\"application\/ld+json\" class=\"yoast-schema-graph\">{\"@context\":\"https:\/\/schema.org\",\"@graph\":[{\"@type\":\"WebPage\",\"@id\":\"https:\/\/www.famaengineering.com\/it\/catalogo-prodotti\/presenza-immagine\/rfid\/fx9600-fixed-uhf-rfid-reader\/\",\"url\":\"https:\/\/www.famaengineering.com\/it\/catalogo-prodotti\/presenza-immagine\/rfid\/fx9600-fixed-uhf-rfid-reader\/\",\"name\":\"Lettore RFID UHF Kalpa FX9600\",\"isPartOf\":{\"@id\":\"https:\/\/www.famaengineering.com\/it\/#website\"},\"primaryImageOfPage\":{\"@id\":\"https:\/\/www.famaengineering.com\/it\/catalogo-prodotti\/presenza-immagine\/rfid\/fx9600-fixed-uhf-rfid-reader\/#primaryimage\"},\"image\":{\"@id\":\"https:\/\/www.famaengineering.com\/it\/catalogo-prodotti\/presenza-immagine\/rfid\/fx9600-fixed-uhf-rfid-reader\/#primaryimage\"},\"thumbnailUrl\":\"https:\/\/www.famaengineering.com\/wp-content\/uploads\/2021\/02\/ZEBRA.jpg\",\"datePublished\":\"2021-02-04T09:27:00+00:00\",\"dateModified\":\"2021-04-19T08:32:33+00:00\",\"description\":\"Il lettore RFID UHF Zebra FX9600 offre le prestazioni e le funzionalit\u00e0 necessarie per gestire tutto. Con supporto per Power over Ethernet, protezione IP53 e fino a otto porte RF, FX9600 alza un nuovo standard a livello di efficienza.\",\"breadcrumb\":{\"@id\":\"https:\/\/www.famaengineering.com\/it\/catalogo-prodotti\/presenza-immagine\/rfid\/fx9600-fixed-uhf-rfid-reader\/#breadcrumb\"},\"inLanguage\":\"it-IT\",\"potentialAction\":[{\"@type\":\"ReadAction\",\"target\":[\"https:\/\/www.famaengineering.com\/it\/catalogo-prodotti\/presenza-immagine\/rfid\/fx9600-fixed-uhf-rfid-reader\/\"]}]},{\"@type\":\"ImageObject\",\"inLanguage\":\"it-IT\",\"@id\":\"https:\/\/www.famaengineering.com\/it\/catalogo-prodotti\/presenza-immagine\/rfid\/fx9600-fixed-uhf-rfid-reader\/#primaryimage\",\"url\":\"https:\/\/www.famaengineering.com\/wp-content\/uploads\/2021\/02\/ZEBRA.jpg\",\"contentUrl\":\"https:\/\/www.famaengineering.com\/wp-content\/uploads\/2021\/02\/ZEBRA.jpg\",\"width\":500,\"height\":500},{\"@type\":\"BreadcrumbList\",\"@id\":\"https:\/\/www.famaengineering.com\/it\/catalogo-prodotti\/presenza-immagine\/rfid\/fx9600-fixed-uhf-rfid-reader\/#breadcrumb\",\"itemListElement\":[{\"@type\":\"ListItem\",\"position\":1,\"name\":\"Home\",\"item\":\"https:\/\/www.famaengineering.com\/it\/\"},{\"@type\":\"ListItem\",\"position\":2,\"name\":\"Shop\",\"item\":\"https:\/\/www.famaengineering.com\/negozio\/\"},{\"@type\":\"ListItem\",\"position\":3,\"name\":\"FX9600 Fixed UHF RFID Reader\"}]},{\"@type\":\"WebSite\",\"@id\":\"https:\/\/www.famaengineering.com\/it\/#website\",\"url\":\"https:\/\/www.famaengineering.com\/it\/\",\"name\":\"FAMA Engineering\",\"description\":\"FAMA Engineering\",\"publisher\":{\"@id\":\"https:\/\/www.famaengineering.com\/it\/#organization\"},\"potentialAction\":[{\"@type\":\"SearchAction\",\"target\":{\"@type\":\"EntryPoint\",\"urlTemplate\":\"https:\/\/www.famaengineering.com\/it\/?s={search_term_string}\"},\"query-input\":{\"@type\":\"PropertyValueSpecification\",\"valueRequired\":true,\"valueName\":\"search_term_string\"}}],\"inLanguage\":\"it-IT\"},{\"@type\":\"Organization\",\"@id\":\"https:\/\/www.famaengineering.com\/it\/#organization\",\"name\":\"FAMA Engineering\",\"url\":\"https:\/\/www.famaengineering.com\/it\/\",\"logo\":{\"@type\":\"ImageObject\",\"inLanguage\":\"it-IT\",\"@id\":\"https:\/\/www.famaengineering.com\/it\/#\/schema\/logo\/image\/\",\"url\":\"https:\/\/www.famaengineering.com\/wp-content\/uploads\/2014\/08\/categoria-fama-engineering-fama.jpg\",\"contentUrl\":\"https:\/\/www.famaengineering.com\/wp-content\/uploads\/2014\/08\/categoria-fama-engineering-fama.jpg\",\"width\":450,\"height\":250,\"caption\":\"FAMA Engineering\"},\"image\":{\"@id\":\"https:\/\/www.famaengineering.com\/it\/#\/schema\/logo\/image\/\"},\"sameAs\":[\"https:\/\/www.facebook.com\/FamaEngineeringCompany\/\",\"https:\/\/x.com\/FamaEngineering\",\"https:\/\/www.instagram.com\/famamotorsport\/\",\"https:\/\/www.linkedin.com\/company\/fama-engineering-srl\/\",\"https:\/\/sketchfab.com\/famaengineering\"]}]}<\/script>\n<!-- \/ Yoast SEO plugin. -->","yoast_head_json":{"title":"Lettore RFID UHF Kalpa FX9600","description":"Il lettore RFID UHF Zebra FX9600 offre le prestazioni e le funzionalit\u00e0 necessarie per gestire tutto. Con supporto per Power over Ethernet, protezione IP53 e fino a otto porte RF, FX9600 alza un nuovo standard a livello di efficienza.","robots":{"index":"index","follow":"follow","max-snippet":"max-snippet:-1","max-image-preview":"max-image-preview:large","max-video-preview":"max-video-preview:-1"},"canonical":"https:\/\/www.famaengineering.com\/it\/catalogo-prodotti\/presenza-immagine\/rfid\/fx9600-fixed-uhf-rfid-reader\/","og_locale":"it_IT","og_type":"article","og_title":"Lettore RFID UHF Kalpa FX9600","og_description":"Il lettore RFID UHF Zebra FX9600 offre le prestazioni e le funzionalit\u00e0 necessarie per gestire tutto. Con supporto per Power over Ethernet, protezione IP53 e fino a otto porte RF, FX9600 alza un nuovo standard a livello di efficienza.","og_url":"https:\/\/www.famaengineering.com\/it\/catalogo-prodotti\/presenza-immagine\/rfid\/fx9600-fixed-uhf-rfid-reader\/","og_site_name":"FAMA Engineering","article_publisher":"https:\/\/www.facebook.com\/FamaEngineeringCompany\/","article_modified_time":"2021-04-19T08:32:33+00:00","og_image":[{"width":500,"height":500,"url":"https:\/\/www.famaengineering.com\/wp-content\/uploads\/2021\/02\/ZEBRA.jpg","type":"image\/jpeg"}],"twitter_card":"summary_large_image","twitter_site":"@FamaEngineering","twitter_misc":{"Tempo di lettura stimato":"1 minuto"},"schema":{"@context":"https:\/\/schema.org","@graph":[{"@type":"WebPage","@id":"https:\/\/www.famaengineering.com\/it\/catalogo-prodotti\/presenza-immagine\/rfid\/fx9600-fixed-uhf-rfid-reader\/","url":"https:\/\/www.famaengineering.com\/it\/catalogo-prodotti\/presenza-immagine\/rfid\/fx9600-fixed-uhf-rfid-reader\/","name":"Lettore RFID UHF Kalpa FX9600","isPartOf":{"@id":"https:\/\/www.famaengineering.com\/it\/#website"},"primaryImageOfPage":{"@id":"https:\/\/www.famaengineering.com\/it\/catalogo-prodotti\/presenza-immagine\/rfid\/fx9600-fixed-uhf-rfid-reader\/#primaryimage"},"image":{"@id":"https:\/\/www.famaengineering.com\/it\/catalogo-prodotti\/presenza-immagine\/rfid\/fx9600-fixed-uhf-rfid-reader\/#primaryimage"},"thumbnailUrl":"https:\/\/www.famaengineering.com\/wp-content\/uploads\/2021\/02\/ZEBRA.jpg","datePublished":"2021-02-04T09:27:00+00:00","dateModified":"2021-04-19T08:32:33+00:00","description":"Il lettore RFID UHF Zebra FX9600 offre le prestazioni e le funzionalit\u00e0 necessarie per gestire tutto. Con supporto per Power over Ethernet, protezione IP53 e fino a otto porte RF, FX9600 alza un nuovo standard a livello di efficienza.","breadcrumb":{"@id":"https:\/\/www.famaengineering.com\/it\/catalogo-prodotti\/presenza-immagine\/rfid\/fx9600-fixed-uhf-rfid-reader\/#breadcrumb"},"inLanguage":"it-IT","potentialAction":[{"@type":"ReadAction","target":["https:\/\/www.famaengineering.com\/it\/catalogo-prodotti\/presenza-immagine\/rfid\/fx9600-fixed-uhf-rfid-reader\/"]}]},{"@type":"ImageObject","inLanguage":"it-IT","@id":"https:\/\/www.famaengineering.com\/it\/catalogo-prodotti\/presenza-immagine\/rfid\/fx9600-fixed-uhf-rfid-reader\/#primaryimage","url":"https:\/\/www.famaengineering.com\/wp-content\/uploads\/2021\/02\/ZEBRA.jpg","contentUrl":"https:\/\/www.famaengineering.com\/wp-content\/uploads\/2021\/02\/ZEBRA.jpg","width":500,"height":500},{"@type":"BreadcrumbList","@id":"https:\/\/www.famaengineering.com\/it\/catalogo-prodotti\/presenza-immagine\/rfid\/fx9600-fixed-uhf-rfid-reader\/#breadcrumb","itemListElement":[{"@type":"ListItem","position":1,"name":"Home","item":"https:\/\/www.famaengineering.com\/it\/"},{"@type":"ListItem","position":2,"name":"Shop","item":"https:\/\/www.famaengineering.com\/negozio\/"},{"@type":"ListItem","position":3,"name":"FX9600 Fixed UHF RFID Reader"}]},{"@type":"WebSite","@id":"https:\/\/www.famaengineering.com\/it\/#website","url":"https:\/\/www.famaengineering.com\/it\/","name":"FAMA Engineering","description":"FAMA Engineering","publisher":{"@id":"https:\/\/www.famaengineering.com\/it\/#organization"},"potentialAction":[{"@type":"SearchAction","target":{"@type":"EntryPoint","urlTemplate":"https:\/\/www.famaengineering.com\/it\/?s={search_term_string}"},"query-input":{"@type":"PropertyValueSpecification","valueRequired":true,"valueName":"search_term_string"}}],"inLanguage":"it-IT"},{"@type":"Organization","@id":"https:\/\/www.famaengineering.com\/it\/#organization","name":"FAMA Engineering","url":"https:\/\/www.famaengineering.com\/it\/","logo":{"@type":"ImageObject","inLanguage":"it-IT","@id":"https:\/\/www.famaengineering.com\/it\/#\/schema\/logo\/image\/","url":"https:\/\/www.famaengineering.com\/wp-content\/uploads\/2014\/08\/categoria-fama-engineering-fama.jpg","contentUrl":"https:\/\/www.famaengineering.com\/wp-content\/uploads\/2014\/08\/categoria-fama-engineering-fama.jpg","width":450,"height":250,"caption":"FAMA Engineering"},"image":{"@id":"https:\/\/www.famaengineering.com\/it\/#\/schema\/logo\/image\/"},"sameAs":["https:\/\/www.facebook.com\/FamaEngineeringCompany\/","https:\/\/x.com\/FamaEngineering","https:\/\/www.instagram.com\/famamotorsport\/","https:\/\/www.linkedin.com\/company\/fama-engineering-srl\/","https:\/\/sketchfab.com\/famaengineering"]}]}},"tiered_pricing_type":"fixed","tiered_pricing_fixed_rules":[],"tiered_pricing_product_settings":{"layout":"default","base_unit_name":{"singular":null,"plural":null},"default_variation":null},"tiered_pricing_minimum_quantity":null,"tiered_pricing_roles_data":[],"tiered_pricing_percentage_rules":[],"_links":{"self":[{"href":"https:\/\/www.famaengineering.com\/it\/wp-json\/wp\/v2\/product\/12412","targetHints":{"allow":["GET"]}}],"collection":[{"href":"https:\/\/www.famaengineering.com\/it\/wp-json\/wp\/v2\/product"}],"about":[{"href":"https:\/\/www.famaengineering.com\/it\/wp-json\/wp\/v2\/types\/product"}],"replies":[{"embeddable":true,"href":"https:\/\/www.famaengineering.com\/it\/wp-json\/wp\/v2\/comments?post=12412"}],"wp:featuredmedia":[{"embeddable":true,"href":"https:\/\/www.famaengineering.com\/it\/wp-json\/wp\/v2\/media\/12414"}],"wp:attachment":[{"href":"https:\/\/www.famaengineering.com\/it\/wp-json\/wp\/v2\/media?parent=12412"}],"wp:term":[{"taxonomy":"product_cat","embeddable":true,"href":"https:\/\/www.famaengineering.com\/it\/wp-json\/wp\/v2\/product_cat?post=12412"},{"taxonomy":"product_tag","embeddable":true,"href":"https:\/\/www.famaengineering.com\/it\/wp-json\/wp\/v2\/product_tag?post=12412"}],"curies":[{"name":"wp","href":"https:\/\/api.w.org\/{rel}","templated":true}]}}